{"id":3864,"date":"2019-01-12T00:54:49","date_gmt":"2019-01-11T23:54:49","guid":{"rendered":"https:\/\/www.solmey.de\/?page_id=3864"},"modified":"2026-01-06T17:04:14","modified_gmt":"2026-01-06T16:04:14","slug":"impressum","status":"publish","type":"page","link":"https:\/\/www.solmey.de\/es\/impressum\/","title":{"rendered":"Impr\u00e9ssum"},"content":{"rendered":"<p>[vc_row lg_spacing=&#8221;padding_top:30;padding_bottom:30&#8243;][vc_column][vc_column_text]<\/p>\n<h2>Informaci\u00f3n conforme al \u00a7 5 TMG<\/h2>\n<p><strong>solmey GmbH<\/strong><br \/>\nBadstr. 12<br \/>\n71546 Aspach<br \/>\nAlemania<\/p>\n<p><strong>Representado por:<\/strong><br \/>\nAxel Noack<br \/>\nDirector General<br \/>\nInstalador Solar<br \/>\nSueli Spieth<br \/>\nDirector General<\/p>\n<p><strong>Contacto:<\/strong><br \/>\nTel\u00e9fono: +49 7191 933881<br \/>\nM\u00f3vil: +49 173 9883193<br \/>\nCorreo electr\u00f3nico: <a href=\"mailto:info@solmey.de\">info@solmey.de<\/a><br \/>\nP\u00e1gina web: <a href=\"http:\/\/www.solmey.de\">www.solmey.de<\/a><\/p>\n<p><strong>Registro Mercantil:<\/strong> HRB 734256, Tribunal de Distrito de Stuttgart<br \/>\n<strong>N\u00famero de Identificaci\u00f3n del IVA seg\u00fan el \u00a727a de la Ley del IVA:<\/strong> DE 271 762 728<\/p>\n<h3>Exoneraci\u00f3n de responsabilidad:<\/h3>\n<h4>Responsabilidad por los contenidos<\/h4>\n<p>Los contenidos de nuestras p\u00e1ginas se han creado con el mayor cuidado posible. Sin embargo, no podemos garantizar la exactitud, integridad ni actualidad de los contenidos. Como proveedor de servicios, somos responsables de nuestros propios contenidos en estas p\u00e1ginas seg\u00fan las leyes generales, conforme al \u00a7 7 (1) TMG. Sin embargo, seg\u00fan los \u00a7\u00a7 8 a 10 TMG, no estamos obligados a supervisar la informaci\u00f3n externa transmitida o almacenada, ni a investigar circunstancias que sugieran una actividad ilegal. Las obligaciones de eliminar o bloquear el uso de informaci\u00f3n de acuerdo con las leyes generales permanecen inalteradas. La responsabilidad por tales contenidos solo puede surgir a partir del momento en que tengamos conocimiento de una infracci\u00f3n legal espec\u00edfica. Tan pronto como tengamos conocimiento de tales infracciones, eliminaremos los contenidos respectivos de inmediato.<\/p>\n<h4>Responsabilidad por los enlaces<\/h4>\n<p>Nuestra oferta incluye enlaces a sitios web externos de terceros, sobre cuyos contenidos no tenemos control. Por lo tanto, no asumimos ninguna responsabilidad por esos contenidos ajenos. El proveedor o operador correspondiente de las p\u00e1ginas enlazadas es siempre responsable del contenido de las p\u00e1ginas enlazadas. Las p\u00e1ginas enlazadas fueron revisadas para detectar posibles violaciones legales en el momento de la vinculaci\u00f3n. No se reconocieron contenidos ilegales en el momento de la vinculaci\u00f3n. Sin embargo, no es razonable realizar un control permanente del contenido de las p\u00e1ginas enlazadas sin evidencia concreta de una infracci\u00f3n. Al tener conocimiento de violaciones legales, eliminaremos dichos enlaces de inmediato.<\/p>\n<h4>Derechos de autor<\/h4>\n<p>Los contenidos y obras creados por el operador de la p\u00e1gina en estas p\u00e1ginas est\u00e1n sujetos a la ley alemana de derechos de autor. La reproducci\u00f3n, modificaci\u00f3n, distribuci\u00f3n y cualquier tipo de utilizaci\u00f3n fuera de los l\u00edmites de la ley de derechos de autor requieren el consentimiento por escrito del autor o creador respectivo. Las descargas y copias de este sitio solo est\u00e1n permitidas para uso privado y no comercial. En la medida en que el contenido de esta p\u00e1gina no haya sido creado por el operador, se respetan los derechos de autor de terceros. En particular, el contenido de terceros se marca como tal. Si tiene conocimiento de alguna infracci\u00f3n de derechos de autor, le rogamos que nos lo notifique. Al tener conocimiento de infracciones legales, eliminaremos dicho contenido de inmediato.[\/vc_column_text][\/vc_column][\/vc_row][vc_row][vc_column][tm_spacer size=&#8221;lg:50&#8243;][\/vc_column][\/vc_row][vc_row lg_spacing=&#8221;padding_top:30;padding_bottom:1&#8243;][vc_column offset=&#8221;vc_col-lg-4&#8243; lg_spacing=&#8221;margin_right:15;margin_left:15;padding_right:0;padding_left:0&#8243;][tm_box_icon style=&#8221;3&#8243; icon_type=&#8221;pe7stroke&#8221; icon_pe7stroke=&#8221;pe-7s-map-marker&#8221; icon_color=&#8221;primary&#8221; heading=&#8221;solmey GmbH&#8221; text=&#8221;Badstr. 12<br \/>\n71546 Aspach<br \/>\nAlemania&#8221; icon_font_size=&#8221;lg:48&#8243; custom_css=&#8221;LnRtLWJveC1pY29uLnN0eWxlLTMlMjAuaWNvbiUyMCU3QmJvcmRlciUzQTAlM0IlN0QlMEEudG0tYm94LWljb24lMjAlN0JtYXJnaW4tYm90dG9tJTNBMCUzQiU3RCUwQS50bS1ib3gtaWNvbi5zdHlsZS0zJTIwLmhlYWRpbmclMjAlN0JtYXJnaW4tYm90dG9tJTNBMHB4JTNCJTdE&#8221;][\/vc_column][vc_column offset=&#8221;vc_col-lg-4&#8243;][tm_box_icon style=&#8221;3&#8243; icon_type=&#8221;pe7stroke&#8221; icon_pe7stroke=&#8221;pe-7s-call&#8221; icon_color=&#8221;primary&#8221; icon_font_size=&#8221;lg:44&#8243; text=&#8221;Tel\u00e9fono +49 7191 933881 <br \/><a href=``mailto:info@solmey.de``>info@solmey.de<\/a>&#8220;][\/vc_column][vc_column offset=&#8221;vc_col-lg-4&#8243;][tm_box_icon style=&#8221;3&#8243; icon_type=&#8221;pe7stroke&#8221; icon_pe7stroke=&#8221;pe-7s-paperclip&#8221; icon_color=&#8221;primary&#8221; icon_font_size=&#8221;lg:48&#8243; text=&#8221;<a href=``https:\/\/www.solmey.de\/es\/impressum\/``>Impr\u00e9ssum<\/a> <br \/><a href=``https:\/\/www.solmey.de\/es\/politicadeprivacidad``>Pol\u00edtica de privacidad<\/a>&#8220;][\/vc_column][\/vc_row]<\/p>\n","protected":false},"excerpt":{"rendered":"<p>[vc_row lg_spacing=&#8221;padding_top:30;padding_bottom:30&#8243;][vc_column][vc_column_text] Informaci\u00f3n conforme al \u00a7 5 TMG solmey GmbH Badstr. 12 71546 Aspach Alemania Representado por: Axel Noack Director General Instalador Solar Sueli Spieth Director General Contacto: Tel\u00e9fono: +49 7191 933881 M\u00f3vil: +49 173 9883193 Correo electr\u00f3nico: info@solmey.de P\u00e1gina web: www.solmey.de Registro Mercantil: HRB 734256, Tribunal de Distrito de Stuttgart N\u00famero de Identificaci\u00f3n del IVA seg\u00fan el \u00a727a de la Ley del IVA: DE 271 762 728 Exoneraci\u00f3n de responsabilidad: Responsabilidad por los contenidos Los contenidos de nuestras p\u00e1ginas se han creado con el mayor cuidado posible. Sin embargo, no podemos garantizar la exactitud, integridad ni actualidad de los contenidos. Como proveedor de servicios, somos responsables de nuestros propios contenidos en estas p\u00e1ginas seg\u00fan las leyes generales, conforme al \u00a7 7 (1) TMG. Sin embargo, seg\u00fan los \u00a7\u00a7 8 a 10 TMG, no estamos obligados a supervisar la informaci\u00f3n externa transmitida o almacenada, ni a investigar circunstancias que sugieran una actividad ilegal. Las obligaciones de eliminar o bloquear el uso de informaci\u00f3n de acuerdo con las leyes generales permanecen inalteradas. La responsabilidad por tales contenidos solo puede surgir a partir del momento en que tengamos conocimiento de una infracci\u00f3n legal espec\u00edfica. Tan pronto como tengamos conocimiento de tales infracciones, eliminaremos los contenidos respectivos de inmediato. Responsabilidad por los enlaces Nuestra oferta incluye enlaces a sitios web externos de terceros, sobre cuyos contenidos no tenemos control. Por lo tanto, no asumimos ninguna responsabilidad por esos contenidos ajenos. El proveedor o operador correspondiente de las p\u00e1ginas enlazadas es siempre responsable del contenido de las p\u00e1ginas enlazadas. Las p\u00e1ginas enlazadas fueron revisadas para detectar posibles violaciones legales en el momento de la vinculaci\u00f3n. No se reconocieron contenidos ilegales en el momento de la vinculaci\u00f3n. Sin embargo, no es razonable realizar un control permanente del contenido de las p\u00e1ginas enlazadas sin evidencia concreta de una infracci\u00f3n. Al tener conocimiento de violaciones legales, eliminaremos dichos enlaces de inmediato. Derechos de autor Los contenidos y obras creados por el operador de la p\u00e1gina en estas p\u00e1ginas est\u00e1n sujetos a la ley alemana de derechos de autor. La reproducci\u00f3n, modificaci\u00f3n, distribuci\u00f3n y cualquier tipo de utilizaci\u00f3n fuera de los l\u00edmites de la ley de derechos de autor requieren el consentimiento por escrito del autor o creador respectivo. Las descargas y copias de este sitio solo est\u00e1n permitidas para uso privado y no comercial. En la medida en que el contenido de esta p\u00e1gina no haya sido creado por el operador, se respetan los derechos de autor de terceros. En particular, el contenido de terceros se marca como tal. Si tiene conocimiento de alguna infracci\u00f3n de derechos de autor, le rogamos que nos lo notifique. Al tener conocimiento de infracciones legales, eliminaremos dicho contenido de inmediato.[\/vc_column_text][\/vc_column][\/vc_row][vc_row][vc_column][tm_spacer size=&#8221;lg:50&#8243;][\/vc_column][\/vc_row][vc_row lg_spacing=&#8221;padding_top:30;padding_bottom:1&#8243;][vc_column offset=&#8221;vc_col-lg-4&#8243; lg_spacing=&#8221;margin_right:15;margin_left:15;padding_right:0;padding_left:0&#8243;][tm_box_icon style=&#8221;3&#8243; icon_type=&#8221;pe7stroke&#8221; icon_pe7stroke=&#8221;pe-7s-map-marker&#8221; icon_color=&#8221;primary&#8221; heading=&#8221;solmey GmbH&#8221; text=&#8221;Badstr. 12 71546 Aspach Alemania&#8221; icon_font_size=&#8221;lg:48&#8243; custom_css=&#8221;LnRtLWJveC1pY29uLnN0eWxlLTMlMjAuaWNvbiUyMCU3QmJvcmRlciUzQTAlM0IlN0QlMEEudG0tYm94LWljb24lMjAlN0JtYXJnaW4tYm90dG9tJTNBMCUzQiU3RCUwQS50bS1ib3gtaWNvbi5zdHlsZS0zJTIwLmhlYWRpbmclMjAlN0JtYXJnaW4tYm90dG9tJTNBMHB4JTNCJTdE&#8221;][\/vc_column][vc_column offset=&#8221;vc_col-lg-4&#8243;][tm_box_icon style=&#8221;3&#8243; icon_type=&#8221;pe7stroke&#8221; icon_pe7stroke=&#8221;pe-7s-call&#8221; icon_color=&#8221;primary&#8221; icon_font_size=&#8221;lg:44&#8243; text=&#8221;Tel\u00e9fono +49 7191 933881 info@solmey.de&#8220;][\/vc_column][vc_column offset=&#8221;vc_col-lg-4&#8243;][tm_box_icon style=&#8221;3&#8243; icon_type=&#8221;pe7stroke&#8221; icon_pe7stroke=&#8221;pe-7s-paperclip&#8221; icon_color=&#8221;primary&#8221; icon_font_size=&#8221;lg:48&#8243; text=&#8221;Impr\u00e9ssum Pol\u00edtica de privacidad&#8220;][\/vc_column][\/vc_row]<\/p>\n","protected":false},"author":2,"featured_media":0,"parent":0,"menu_order":0,"comment_status":"closed","ping_status":"closed","template":"","meta":{"footnotes":""},"class_list":["post-3864","page","type-page","status-publish","hentry"],"_links":{"self":[{"href":"https:\/\/www.solmey.de\/es\/wp-json\/wp\/v2\/pages\/3864","targetHints":{"allow":["GET"]}}],"collection":[{"href":"https:\/\/www.solmey.de\/es\/wp-json\/wp\/v2\/pages"}],"about":[{"href":"https:\/\/www.solmey.de\/es\/wp-json\/wp\/v2\/types\/page"}],"author":[{"embeddable":true,"href":"https:\/\/www.solmey.de\/es\/wp-json\/wp\/v2\/users\/2"}],"replies":[{"embeddable":true,"href":"https:\/\/www.solmey.de\/es\/wp-json\/wp\/v2\/comments?post=3864"}],"version-history":[{"count":0,"href":"https:\/\/www.solmey.de\/es\/wp-json\/wp\/v2\/pages\/3864\/revisions"}],"wp:attachment":[{"href":"https:\/\/www.solmey.de\/es\/wp-json\/wp\/v2\/media?parent=3864"}],"curies":[{"name":"wp","href":"https:\/\/api.w.org\/{rel}","templated":true}]}}