{"id":3811,"date":"2019-01-12T00:29:54","date_gmt":"2019-01-11T23:29:54","guid":{"rendered":"https:\/\/www.solmey.de\/?page_id=3811"},"modified":"2026-01-06T17:05:43","modified_gmt":"2026-01-06T16:05:43","slug":"casa","status":"publish","type":"page","link":"https:\/\/www.solmey.de\/es\/","title":{"rendered":"Casa"},"content":{"rendered":"<p>[vc_row equal_height=&#8221;yes&#8221; el_id=&#8221;homeslider&#8221;][vc_column]\n\t\t\t<!-- START HomeSliderES REVOLUTION SLIDER 6.7.40 --><p class=\"rs-p-wp-fix\"><\/p>\n\t\t\t<rs-module-wrap id=\"rev_slider_15_1_wrapper\" data-source=\"gallery\" style=\"visibility:hidden;background:transparent;padding:0;margin:0px auto;margin-top:0;margin-bottom:0;\">\n\t\t\t\t<rs-module id=\"rev_slider_15_1\" style=\"\" data-version=\"6.7.40\">\n\t\t\t\t\t<rs-slides style=\"overflow: hidden; position: absolute;\">\n\t\t\t\t\t\t<rs-slide style=\"position: absolute;\" data-key=\"rs-34\" data-title=\"Slide\" data-anim=\"adpr:false;\">\n\t\t\t\t\t\t\t<img decoding=\"async\" src=\"\/\/www.solmey.de\/wp-content\/plugins\/revslider\/sr6\/assets\/assets\/dummy.png\" alt=\"\" title=\"Casa\" class=\"rev-slidebg tp-rs-img rs-lazyload\" data-lazyload=\"\/\/www.solmey.de\/wp-content\/uploads\/2018\/07\/Homeslider_Retouche.jpg\" data-bg=\"p:center top;\" data-no-retina>\n<!--\n\t\t\t\t\t\t\t--><rs-layer\n\t\t\t\t\t\t\t\tid=\"slider-15-slide-34-layer-2\" \n\t\t\t\t\t\t\t\tdata-type=\"text\"\n\t\t\t\t\t\t\t\tdata-color=\"#014577\"\n\t\t\t\t\t\t\t\tdata-rsp_ch=\"on\"\n\t\t\t\t\t\t\t\tdata-xy=\"x:l,l,l,c;xo:371px,21px,49px,2px;yo:184px,133px,149px,88px;\"\n\t\t\t\t\t\t\t\tdata-text=\"w:normal;s:50,50,35,35;l:64,64,45,45;fw:700;a:inherit;\"\n\t\t\t\t\t\t\t\tdata-dim=\"w:881px,881px,600px,400px;\"\n\t\t\t\t\t\t\t\tdata-frame_0=\"tp:600;\"\n\t\t\t\t\t\t\t\tdata-frame_1=\"tp:600;st:0;\"\n\t\t\t\t\t\t\t\tdata-frame_999=\"o:0;tp:600;st:w;sR:8700;\"\n\t\t\t\t\t\t\t\tstyle=\"z-index:5;font-family:'Roboto';\"\n\t\t\t\t\t\t\t>Su interlocutor fiable de energ\u00edas renovables. \n\t\t\t\t\t\t\t<\/rs-layer><!--\n-->\t\t\t\t\t<\/rs-slide>\n\t\t\t\t\t<\/rs-slides>\n\t\t\t\t<\/rs-module>\n\t\t\t\t<script>\n\t\t\t\t\tsetREVStartSize({c: 'rev_slider_15_1',rl:[1240,1024,778,480],el:[],gw:[1920,1024,778,480],gh:[700,700,700,700],type:'standard',justify:'',layout:'fullwidth',mh:\"0\"});if (window.RS_MODULES!==undefined && window.RS_MODULES.modules!==undefined && window.RS_MODULES.modules[\"revslider151\"]!==undefined) {window.RS_MODULES.modules[\"revslider151\"].once = false;window.revapi15 = undefined;if (window.RS_MODULES.checkMinimal!==undefined) window.RS_MODULES.checkMinimal()}\n\t\t\t\t<\/script>\n\t\t\t<\/rs-module-wrap>\n\t\t\t<!-- END REVOLUTION SLIDER -->\n[\/vc_column][\/vc_row][vc_row full_width=&#8221;stretch_row&#8221; background_color=&#8221;custom&#8221; lg_spacing=&#8221;padding_top:70;padding_bottom:30&#8243; custom_background_color=&#8221;rgba(0,68,123,0.04)&#8221;][vc_column][tm_heading style=&#8221;with-separator-04&#8243; custom_google_font=&#8221;&#8221; text=&#8221;Estamos en el 2039 &#8230;&#8221; custom_css=&#8221;LmVtYmVkLXJlc3BvbnNpdmUtMTZieTklMjAlN0JwYWRkaW5nLWJvdHRvbSUzQTAlN0Q=&#8221;][tm_spacer size=&#8221;lg:30&#8243;][vc_row_inner][vc_column_inner width=&#8221;1\/2&#8243;][vc_column_text css_animation=&#8221;fadeIn&#8221;]&#8230; actualmente ha subido el precio de la electricidad a 0,55 \u20ac Kw por hora. Mientras otros se quejan y se enfadan, usted se relaja y se encoje de hombros. Al fin y al cabo usted fue en aquel tiempo &#8211; en el a\u00f1o 2019 &#8211; lo suficientemente h\u00e1bil y astuto como para prever este suceso. Usted se hizo cargo de obtener una fuente de energ\u00eda independiente. Una decisi\u00f3n sabia.<\/p>\n<p>Y todo fue tan f\u00e1cil porque usted tuvo un interlocutor entendido, fiable y competente a su lado: Solmey SL. Ellos le aconsejaron lo mejor, realizaron sus deseos e ideas adapt\u00e1ndose a sus necesidades y actuando profesionalmente:[\/vc_column_text][tm_spacer size=&#8221;lg:30&#8243;][tm_list list_style=&#8221;check&#8221; animation=&#8221;fade-in&#8221; columns=&#8221;xs:1;lg:1&#8243; items=&#8221;%5B%7B%22item_title%22%3A%22instalaciones%20de%20fuentes%20de%20electricidad%20para%20la%20generaci%C3%B3n%20de%20corriente%22%2C%22link%22%3A%22%7C%7C%7C%22%7D%2C%7B%22item_title%22%3A%22instalaciones%20solares%20t%C3%A9rmicas%20para%20la%20producci%C3%B3n%20de%20agua%20caliente%22%2C%22link%22%3A%22%7C%7C%7C%22%7D%2C%7B%22item_title%22%3A%22emisores%20de%20luz%20LED%20para%20ahorrar%20energ%C3%ADa%22%2C%22link%22%3A%22%7C%7C%7C%22%7D%5D&#8221;][tm_spacer size=&#8221;lg:30&#8243;][\/vc_column_inner][vc_column_inner width=&#8221;1\/2&#8243;][vc_column_text css_animation=&#8221;fadeIn&#8221;]Ya desde hace 20 a\u00f1os usted est\u00e1 usando una fuente de energ\u00eda renovable gratuita e ilimitada que le ofrece la naturaleza. Hace 20 a\u00f1os que le est\u00e1n admirando por la mejor y persistente inversi\u00f3n de su vida. Desde hace 20 a\u00f1os usted est\u00e1 contribuyendo a la prevenci\u00f3n del cambio clim\u00e1tico. Desde hace 20 a\u00f1os usted est\u00e1 ahorrando dinero. Como muy tarde desde el d\u00eda de hoy todos desear\u00edan haber tomado la misma decisi\u00f3n que usted.[\/vc_column_text][tm_spacer size=&#8221;lg:30&#8243;][tm_heading tag=&#8221;h5&#8243; custom_google_font=&#8221;&#8221; text=&#8221;En definitiva: \u00a1A por un futuro soleado!&#8221; custom_css=&#8221;LmVtYmVkLXJlc3BvbnNpdmUtMTZieTklMjAlN0JwYWRkaW5nLWJvdHRvbSUzQTAlN0Q=&#8221;][tm_spacer size=&#8221;lg:30&#8243;][vc_video link=&#8221;https:\/\/www.youtube.com\/watch?v=Vz_wAh0sjc0&#8243; css_animation=&#8221;none&#8221;][\/vc_column_inner][\/vc_row_inner][\/vc_column][\/vc_row][vc_row lg_spacing=&#8221;padding_top:30&#8243;][vc_column][tm_heading style=&#8221;with-separator-04&#8243; custom_google_font=&#8221;&#8221; text=&#8221;Nuestra gama de servicios&#8221; custom_css=&#8221;LmVtYmVkLXJlc3BvbnNpdmUtMTZieTklMjAlN0JwYWRkaW5nLWJvdHRvbSUzQTAlN0Q=&#8221;][tm_spacer size=&#8221;lg:16&#8243;][\/vc_column][\/vc_row][vc_row lg_spacing=&#8221;padding_top:30&#8243; gutter=&#8221;md:30;lg:50&#8243;][vc_column offset=&#8221;vc_col-md-4&#8243;][tm_rotate_box style=&#8221;2&#8243; direction=&#8221;right&#8221; front_button_color=&#8221;secondary&#8221; front_background_color=&#8221;secondary&#8221; back_background_overlay=&#8221;secondary&#8221; back_overlay_opacity=&#8221;74&#8243; height=&#8221;350&#8243; front_heading=&#8221;Fotovoltaica&#8221; front_button=&#8221;|||&#8221; back_text=&#8221;La energ\u00eda solar fotovoltaica es la conversi\u00f3n directa de luz en corriente.&#8221; back_button=&#8221;url:http%3A%2F%2Fwww.solmey.de%2Fes%2Frendimientos%2F%23photovoltaik|title:Leer%20m%C3%A1s||&#8221; front_background_image=&#8221;3370&#8243; back_background_image=&#8221;3370&#8243;][tm_spacer size=&#8221;lg:50&#8243;][\/vc_column][vc_column offset=&#8221;vc_col-md-4&#8243;][tm_rotate_box style=&#8221;2&#8243; direction=&#8221;right&#8221; front_button_color=&#8221;secondary&#8221; front_background_color=&#8221;secondary&#8221; back_background_overlay=&#8221;secondary&#8221; back_overlay_opacity=&#8221;74&#8243; height=&#8221;350&#8243; front_heading=&#8221;Energ\u00eda solar t\u00e9rmica&#8221; front_button=&#8221;|||&#8221; front_background_image=&#8221;3376&#8243; back_text=&#8221;Tu energ\u00eda futura sin combustibles f\u00f3siles.&#8221; back_button=&#8221;url:http%3A%2F%2Fwww.solmey.de%2Fes%2Frendimientos%2F%23warmwasser|title:Leer%20m%C3%A1s||&#8221; back_background_image=&#8221;3376&#8243;][tm_spacer size=&#8221;lg:50&#8243;][\/vc_column][vc_column offset=&#8221;vc_col-md-4&#8243;][tm_rotate_box style=&#8221;2&#8243; direction=&#8221;right&#8221; front_button_color=&#8221;secondary&#8221; front_background_color=&#8221;secondary&#8221; back_background_overlay=&#8221;secondary&#8221; back_overlay_opacity=&#8221;74&#8243; height=&#8221;350&#8243; front_heading=&#8221;LED&#8221; front_button=&#8221;|||&#8221; back_text=&#8221;La luz del futuro le ahorra hasta el 90% de sus gastos en energ\u00eda.&#8221; back_button=&#8221;url:http%3A%2F%2Fwww.solmey.de%2Fes%2Frendimientos%2F%23led|title:Leer%20m%C3%A1s||&#8221; front_background_image=&#8221;3363&#8243; back_background_image=&#8221;3363&#8243;][tm_spacer size=&#8221;lg:50&#8243;][\/vc_column][\/vc_row][vc_row disable_element=&#8221;yes&#8221; gutter=&#8221;md:30;lg:50&#8243;][vc_column offset=&#8221;vc_col-md-4&#8243;][tm_rotate_box style=&#8221;2&#8243; direction=&#8221;right&#8221; front_button_color=&#8221;secondary&#8221; front_background_color=&#8221;secondary&#8221; back_background_overlay=&#8221;secondary&#8221; back_overlay_opacity=&#8221;74&#8243; height=&#8221;350&#8243; front_heading=&#8221;Elektrische Design-Stromheizungen&#8221; front_button=&#8221;|||&#8221; front_background_image=&#8221;3374&#8243; back_text=&#8221;Die g\u00fcnstige, wartungsfreie Alternative zu herk\u00f6mmlichen Heizsystemen.&#8221; back_button=&#8221;url:http%3A%2F%2Fwww.solmey.de%2Fleistungen%2F%23stromheizungen|title:Mehr%20erfahren||&#8221; back_background_image=&#8221;3374&#8243;][tm_spacer size=&#8221;lg:50&#8243;][\/vc_column][vc_column offset=&#8221;vc_col-md-4&#8243;][tm_rotate_box style=&#8221;2&#8243; direction=&#8221;right&#8221; front_button_color=&#8221;secondary&#8221; front_background_color=&#8221;secondary&#8221; back_background_overlay=&#8221;secondary&#8221; back_overlay_opacity=&#8221;74&#8243; height=&#8221;350&#8243; front_heading=&#8221;Stromspeichersysteme&#8221; front_button=&#8221;|||&#8221; front_background_image=&#8221;3372&#8243; back_text=&#8221;Die Sonne geht auf \u2013 auch am Abend.&#8221; back_button=&#8221;url:http%3A%2F%2Fwww.solmey.de%2Fleistungen%2F%23speichersysteme|title:Mehr%20erfahren||&#8221; back_background_image=&#8221;3372&#8243;][tm_spacer size=&#8221;lg:50&#8243;][\/vc_column][vc_column offset=&#8221;vc_col-md-4&#8243;][tm_rotate_box style=&#8221;2&#8243; direction=&#8221;right&#8221; front_button_color=&#8221;secondary&#8221; front_background_color=&#8221;secondary&#8221; back_background_overlay=&#8221;secondary&#8221; back_overlay_opacity=&#8221;74&#8243; height=&#8221;350&#8243; front_heading=&#8221;Carports- und Veranda-L\u00f6sungen&#8221; front_button=&#8221;|||&#8221; front_background_image=&#8221;3199&#8243; back_text=&#8221;Schick und individuell mit semitransparenten PV-Glas-Modulen sind es die einzigen \u00dcberdachungen.&#8221; back_button=&#8221;url:http%3A%2F%2Fwww.solmey.de%2Fleistungen%2F%23carports|title:Mehr%20erfahren||&#8221; back_background_image=&#8221;3199&#8243;][tm_spacer size=&#8221;lg:50&#8243;][\/vc_column][\/vc_row][vc_row disable_element=&#8221;yes&#8221; lg_spacing=&#8221;padding_bottom:15&#8243; gutter=&#8221;md:30;lg:50&#8243;][vc_column offset=&#8221;vc_col-md-4&#8243;][tm_rotate_box style=&#8221;2&#8243; direction=&#8221;right&#8221; front_button_color=&#8221;secondary&#8221; front_background_color=&#8221;secondary&#8221; back_background_overlay=&#8221;secondary&#8221; back_overlay_opacity=&#8221;74&#8243; height=&#8221;350&#8243; front_heading=&#8221;Stromtankstellen&#8221; front_button=&#8221;|||&#8221; front_background_image=&#8221;3358&#8243; back_text=&#8221;Ladestationen f\u00fcr die E-Mobilit\u00e4t f\u00fcr den privaten, kommerziellen und \u00f6ffentlichen Bereich.&#8221; back_button=&#8221;url:http%3A%2F%2Fwww.solmey.de%2Fleistungen%2F%23stromtankstellen|title:Mehr%20erfahren||&#8221; back_background_image=&#8221;3358&#8243;][tm_spacer size=&#8221;lg:50&#8243;][\/vc_column][vc_column offset=&#8221;vc_col-md-4&#8243;][tm_rotate_box style=&#8221;2&#8243; direction=&#8221;right&#8221; front_button_color=&#8221;secondary&#8221; front_background_color=&#8221;secondary&#8221; back_background_overlay=&#8221;secondary&#8221; back_overlay_opacity=&#8221;74&#8243; height=&#8221;350&#8243; front_heading=&#8221;Smart-Home-L\u00f6sungen&#8221; front_button=&#8221;|||&#8221; front_background_image=&#8221;3378&#8243; back_text=&#8221;Intelligente Funktionen f\u00fcr intelligentes Energiemanagement.&#8221; back_button=&#8221;url:http%3A%2F%2Fwww.solmey.de%2Fleistungen%2F%23smarthome|title:Mehr%20erfahren||&#8221; back_background_image=&#8221;3378&#8243;][tm_spacer size=&#8221;lg:50&#8243;][\/vc_column][vc_column offset=&#8221;vc_col-md-4&#8243;][tm_rotate_box style=&#8221;2&#8243; direction=&#8221;right&#8221; front_button_color=&#8221;secondary&#8221; front_background_color=&#8221;secondary&#8221; back_background_overlay=&#8221;secondary&#8221; back_overlay_opacity=&#8221;74&#8243; height=&#8221;350&#8243; front_heading=&#8221;Elektroinstallationen&#8221; front_button=&#8221;|||&#8221; front_background_image=&#8221;3366&#8243; back_text=&#8221;alle Arten von elektrischen Installationen und Anschl\u00fcssen.&#8221; back_button=&#8221;url:http%3A%2F%2Fwww.solmey.de%2Fleistungen%2F%23elektroinstallationen|title:Mehr%20erfahren||&#8221; back_background_image=&#8221;3366&#8243;][tm_spacer size=&#8221;lg:50&#8243;][\/vc_column][\/vc_row][vc_row][vc_column][tm_spacer size=&#8221;lg:50&#8243;][\/vc_column][\/vc_row][vc_row lg_spacing=&#8221;padding_top:30;padding_bottom:1&#8243;][vc_column offset=&#8221;vc_col-lg-4&#8243; lg_spacing=&#8221;margin_right:15;margin_left:15;padding_right:0;padding_left:0&#8243;][tm_box_icon style=&#8221;3&#8243; icon_type=&#8221;pe7stroke&#8221; icon_pe7stroke=&#8221;pe-7s-map-marker&#8221; icon_color=&#8221;primary&#8221; heading=&#8221;solmey GmbH&#8221; text=&#8221;Badstr. 12<br \/>\n71546 Aspach<br \/>\nAlemania&#8221; icon_font_size=&#8221;lg:48&#8243; custom_css=&#8221;LnRtLWJveC1pY29uLnN0eWxlLTMlMjAuaWNvbiUyMCU3QmJvcmRlciUzQTAlM0IlN0QlMEEudG0tYm94LWljb24lMjAlN0JtYXJnaW4tYm90dG9tJTNBMCUzQiU3RCUwQS50bS1ib3gtaWNvbi5zdHlsZS0zJTIwLmhlYWRpbmclMjAlN0JtYXJnaW4tYm90dG9tJTNBMHB4JTNCJTdE&#8221;][\/vc_column][vc_column offset=&#8221;vc_col-lg-4&#8243;][tm_box_icon style=&#8221;3&#8243; icon_type=&#8221;pe7stroke&#8221; icon_pe7stroke=&#8221;pe-7s-call&#8221; icon_color=&#8221;primary&#8221; text=&#8221;Tel\u00e9fono +49 7191 933881 <br \/><a href=``mailto:info@solmey.de``>info@solmey.de<\/a>&#8221; icon_font_size=&#8221;lg:44&#8243;][\/vc_column][vc_column offset=&#8221;vc_col-lg-4&#8243;][tm_box_icon style=&#8221;3&#8243; icon_type=&#8221;pe7stroke&#8221; icon_pe7stroke=&#8221;pe-7s-paperclip&#8221; icon_color=&#8221;primary&#8221; text=&#8221;<a href=``https:\/\/www.solmey.de\/es\/impressum\/``>Impr\u00e9ssum<\/a><br \/>\n<a href=``https:\/\/www.solmey.de\/es\/politicadeprivacidad``>Pol\u00edtica de privacidad<\/a>&#8221; icon_font_size=&#8221;lg:48&#8243;][\/vc_column][\/vc_row]<\/p>\n","protected":false},"excerpt":{"rendered":"<p>[vc_row equal_height=&#8221;yes&#8221; el_id=&#8221;homeslider&#8221;][vc_column][\/vc_column][\/vc_row][vc_row full_width=&#8221;stretch_row&#8221; background_color=&#8221;custom&#8221; lg_spacing=&#8221;padding_top:70;padding_bottom:30&#8243; custom_background_color=&#8221;rgba(0,68,123,0.04)&#8221;][vc_column][tm_heading style=&#8221;with-separator-04&#8243; custom_google_font=&#8221;&#8221; text=&#8221;Estamos en el 2039 &#8230;&#8221; custom_css=&#8221;LmVtYmVkLXJlc3BvbnNpdmUtMTZieTklMjAlN0JwYWRkaW5nLWJvdHRvbSUzQTAlN0Q=&#8221;][tm_spacer size=&#8221;lg:30&#8243;][vc_row_inner][vc_column_inner width=&#8221;1\/2&#8243;][vc_column_text css_animation=&#8221;fadeIn&#8221;]&#8230; actualmente ha subido el precio de la electricidad a 0,55 \u20ac Kw por hora. Mientras otros se quejan y se enfadan, usted se relaja y se encoje de hombros. Al fin y al cabo usted fue en aquel tiempo &#8211; en el a\u00f1o 2019 &#8211; lo suficientemente h\u00e1bil y astuto como para prever este suceso. Usted se hizo cargo de obtener una fuente de energ\u00eda independiente. Una decisi\u00f3n sabia. Y todo fue tan f\u00e1cil porque usted tuvo un interlocutor entendido, fiable y competente a su lado: Solmey SL. Ellos le aconsejaron lo mejor, realizaron sus deseos e ideas adapt\u00e1ndose a sus necesidades y actuando profesionalmente:[\/vc_column_text][tm_spacer size=&#8221;lg:30&#8243;][tm_list list_style=&#8221;check&#8221; animation=&#8221;fade-in&#8221; columns=&#8221;xs:1;lg:1&#8243; items=&#8221;%5B%7B%22item_title%22%3A%22instalaciones%20de%20fuentes%20de%20electricidad%20para%20la%20generaci%C3%B3n%20de%20corriente%22%2C%22link%22%3A%22%7C%7C%7C%22%7D%2C%7B%22item_title%22%3A%22instalaciones%20solares%20t%C3%A9rmicas%20para%20la%20producci%C3%B3n%20de%20agua%20caliente%22%2C%22link%22%3A%22%7C%7C%7C%22%7D%2C%7B%22item_title%22%3A%22emisores%20de%20luz%20LED%20para%20ahorrar%20energ%C3%ADa%22%2C%22link%22%3A%22%7C%7C%7C%22%7D%5D&#8221;][tm_spacer size=&#8221;lg:30&#8243;][\/vc_column_inner][vc_column_inner width=&#8221;1\/2&#8243;][vc_column_text css_animation=&#8221;fadeIn&#8221;]Ya desde hace 20 a\u00f1os usted est\u00e1 usando una fuente de energ\u00eda renovable gratuita e ilimitada que le ofrece la naturaleza. Hace 20 a\u00f1os que le est\u00e1n admirando por la mejor y persistente inversi\u00f3n de su vida. Desde hace 20 a\u00f1os usted est\u00e1 contribuyendo a la prevenci\u00f3n del cambio clim\u00e1tico. Desde hace 20 a\u00f1os usted est\u00e1 ahorrando dinero. Como muy tarde desde el d\u00eda de hoy todos desear\u00edan haber tomado la misma decisi\u00f3n que usted.[\/vc_column_text][tm_spacer size=&#8221;lg:30&#8243;][tm_heading tag=&#8221;h5&#8243; custom_google_font=&#8221;&#8221; text=&#8221;En definitiva: \u00a1A por un futuro soleado!&#8221; custom_css=&#8221;LmVtYmVkLXJlc3BvbnNpdmUtMTZieTklMjAlN0JwYWRkaW5nLWJvdHRvbSUzQTAlN0Q=&#8221;][tm_spacer size=&#8221;lg:30&#8243;][vc_video link=&#8221;https:\/\/www.youtube.com\/watch?v=Vz_wAh0sjc0&#8243; css_animation=&#8221;none&#8221;][\/vc_column_inner][\/vc_row_inner][\/vc_column][\/vc_row][vc_row lg_spacing=&#8221;padding_top:30&#8243;][vc_column][tm_heading style=&#8221;with-separator-04&#8243; custom_google_font=&#8221;&#8221; text=&#8221;Nuestra gama de servicios&#8221; custom_css=&#8221;LmVtYmVkLXJlc3BvbnNpdmUtMTZieTklMjAlN0JwYWRkaW5nLWJvdHRvbSUzQTAlN0Q=&#8221;][tm_spacer size=&#8221;lg:16&#8243;][\/vc_column][\/vc_row][vc_row lg_spacing=&#8221;padding_top:30&#8243; gutter=&#8221;md:30;lg:50&#8243;][vc_column offset=&#8221;vc_col-md-4&#8243;][tm_rotate_box style=&#8221;2&#8243; direction=&#8221;right&#8221; front_button_color=&#8221;secondary&#8221; front_background_color=&#8221;secondary&#8221; back_background_overlay=&#8221;secondary&#8221; back_overlay_opacity=&#8221;74&#8243; height=&#8221;350&#8243; front_heading=&#8221;Fotovoltaica&#8221; front_button=&#8221;|||&#8221; back_text=&#8221;La energ\u00eda solar fotovoltaica es la conversi\u00f3n directa de luz en corriente.&#8221; back_button=&#8221;url:http%3A%2F%2Fwww.solmey.de%2Fes%2Frendimientos%2F%23photovoltaik|title:Leer%20m%C3%A1s||&#8221; front_background_image=&#8221;3370&#8243; back_background_image=&#8221;3370&#8243;][tm_spacer size=&#8221;lg:50&#8243;][\/vc_column][vc_column offset=&#8221;vc_col-md-4&#8243;][tm_rotate_box style=&#8221;2&#8243; direction=&#8221;right&#8221; front_button_color=&#8221;secondary&#8221; front_background_color=&#8221;secondary&#8221; back_background_overlay=&#8221;secondary&#8221; back_overlay_opacity=&#8221;74&#8243; height=&#8221;350&#8243; front_heading=&#8221;Energ\u00eda solar t\u00e9rmica&#8221; front_button=&#8221;|||&#8221; front_background_image=&#8221;3376&#8243; back_text=&#8221;Tu energ\u00eda futura sin combustibles f\u00f3siles.&#8221; back_button=&#8221;url:http%3A%2F%2Fwww.solmey.de%2Fes%2Frendimientos%2F%23warmwasser|title:Leer%20m%C3%A1s||&#8221; back_background_image=&#8221;3376&#8243;][tm_spacer size=&#8221;lg:50&#8243;][\/vc_column][vc_column offset=&#8221;vc_col-md-4&#8243;][tm_rotate_box style=&#8221;2&#8243; direction=&#8221;right&#8221; front_button_color=&#8221;secondary&#8221; front_background_color=&#8221;secondary&#8221; back_background_overlay=&#8221;secondary&#8221; back_overlay_opacity=&#8221;74&#8243; height=&#8221;350&#8243; front_heading=&#8221;LED&#8221; front_button=&#8221;|||&#8221; back_text=&#8221;La luz del futuro le ahorra hasta el 90% de sus gastos en energ\u00eda.&#8221; back_button=&#8221;url:http%3A%2F%2Fwww.solmey.de%2Fes%2Frendimientos%2F%23led|title:Leer%20m%C3%A1s||&#8221; front_background_image=&#8221;3363&#8243; back_background_image=&#8221;3363&#8243;][tm_spacer size=&#8221;lg:50&#8243;][\/vc_column][\/vc_row][vc_row disable_element=&#8221;yes&#8221; gutter=&#8221;md:30;lg:50&#8243;][vc_column offset=&#8221;vc_col-md-4&#8243;][tm_rotate_box style=&#8221;2&#8243; direction=&#8221;right&#8221; front_button_color=&#8221;secondary&#8221; front_background_color=&#8221;secondary&#8221; back_background_overlay=&#8221;secondary&#8221; back_overlay_opacity=&#8221;74&#8243; height=&#8221;350&#8243; front_heading=&#8221;Elektrische Design-Stromheizungen&#8221; front_button=&#8221;|||&#8221; front_background_image=&#8221;3374&#8243; back_text=&#8221;Die g\u00fcnstige, wartungsfreie Alternative zu herk\u00f6mmlichen Heizsystemen.&#8221; back_button=&#8221;url:http%3A%2F%2Fwww.solmey.de%2Fleistungen%2F%23stromheizungen|title:Mehr%20erfahren||&#8221; back_background_image=&#8221;3374&#8243;][tm_spacer size=&#8221;lg:50&#8243;][\/vc_column][vc_column offset=&#8221;vc_col-md-4&#8243;][tm_rotate_box style=&#8221;2&#8243; direction=&#8221;right&#8221; front_button_color=&#8221;secondary&#8221; front_background_color=&#8221;secondary&#8221; back_background_overlay=&#8221;secondary&#8221; back_overlay_opacity=&#8221;74&#8243; height=&#8221;350&#8243; front_heading=&#8221;Stromspeichersysteme&#8221; front_button=&#8221;|||&#8221; front_background_image=&#8221;3372&#8243; back_text=&#8221;Die Sonne geht auf \u2013 auch am Abend.&#8221; back_button=&#8221;url:http%3A%2F%2Fwww.solmey.de%2Fleistungen%2F%23speichersysteme|title:Mehr%20erfahren||&#8221; back_background_image=&#8221;3372&#8243;][tm_spacer size=&#8221;lg:50&#8243;][\/vc_column][vc_column offset=&#8221;vc_col-md-4&#8243;][tm_rotate_box style=&#8221;2&#8243; direction=&#8221;right&#8221; front_button_color=&#8221;secondary&#8221; front_background_color=&#8221;secondary&#8221; back_background_overlay=&#8221;secondary&#8221; back_overlay_opacity=&#8221;74&#8243; height=&#8221;350&#8243; front_heading=&#8221;Carports- und Veranda-L\u00f6sungen&#8221; front_button=&#8221;|||&#8221; front_background_image=&#8221;3199&#8243; back_text=&#8221;Schick und individuell mit semitransparenten PV-Glas-Modulen sind es die einzigen \u00dcberdachungen.&#8221; back_button=&#8221;url:http%3A%2F%2Fwww.solmey.de%2Fleistungen%2F%23carports|title:Mehr%20erfahren||&#8221; back_background_image=&#8221;3199&#8243;][tm_spacer size=&#8221;lg:50&#8243;][\/vc_column][\/vc_row][vc_row disable_element=&#8221;yes&#8221; lg_spacing=&#8221;padding_bottom:15&#8243; gutter=&#8221;md:30;lg:50&#8243;][vc_column offset=&#8221;vc_col-md-4&#8243;][tm_rotate_box style=&#8221;2&#8243; direction=&#8221;right&#8221; front_button_color=&#8221;secondary&#8221; front_background_color=&#8221;secondary&#8221; back_background_overlay=&#8221;secondary&#8221; back_overlay_opacity=&#8221;74&#8243; height=&#8221;350&#8243; front_heading=&#8221;Stromtankstellen&#8221; front_button=&#8221;|||&#8221; front_background_image=&#8221;3358&#8243; back_text=&#8221;Ladestationen f\u00fcr die E-Mobilit\u00e4t f\u00fcr den privaten, kommerziellen und \u00f6ffentlichen Bereich.&#8221; back_button=&#8221;url:http%3A%2F%2Fwww.solmey.de%2Fleistungen%2F%23stromtankstellen|title:Mehr%20erfahren||&#8221; back_background_image=&#8221;3358&#8243;][tm_spacer size=&#8221;lg:50&#8243;][\/vc_column][vc_column offset=&#8221;vc_col-md-4&#8243;][tm_rotate_box style=&#8221;2&#8243; direction=&#8221;right&#8221; front_button_color=&#8221;secondary&#8221; front_background_color=&#8221;secondary&#8221; back_background_overlay=&#8221;secondary&#8221; back_overlay_opacity=&#8221;74&#8243; height=&#8221;350&#8243; front_heading=&#8221;Smart-Home-L\u00f6sungen&#8221; front_button=&#8221;|||&#8221; front_background_image=&#8221;3378&#8243; back_text=&#8221;Intelligente Funktionen f\u00fcr intelligentes Energiemanagement.&#8221; back_button=&#8221;url:http%3A%2F%2Fwww.solmey.de%2Fleistungen%2F%23smarthome|title:Mehr%20erfahren||&#8221; back_background_image=&#8221;3378&#8243;][tm_spacer size=&#8221;lg:50&#8243;][\/vc_column][vc_column offset=&#8221;vc_col-md-4&#8243;][tm_rotate_box style=&#8221;2&#8243; direction=&#8221;right&#8221; front_button_color=&#8221;secondary&#8221; front_background_color=&#8221;secondary&#8221; back_background_overlay=&#8221;secondary&#8221; back_overlay_opacity=&#8221;74&#8243; height=&#8221;350&#8243; front_heading=&#8221;Elektroinstallationen&#8221; front_button=&#8221;|||&#8221; front_background_image=&#8221;3366&#8243; back_text=&#8221;alle Arten von elektrischen Installationen und Anschl\u00fcssen.&#8221; back_button=&#8221;url:http%3A%2F%2Fwww.solmey.de%2Fleistungen%2F%23elektroinstallationen|title:Mehr%20erfahren||&#8221; back_background_image=&#8221;3366&#8243;][tm_spacer size=&#8221;lg:50&#8243;][\/vc_column][\/vc_row][vc_row][vc_column][tm_spacer size=&#8221;lg:50&#8243;][\/vc_column][\/vc_row][vc_row lg_spacing=&#8221;padding_top:30;padding_bottom:1&#8243;][vc_column offset=&#8221;vc_col-lg-4&#8243; lg_spacing=&#8221;margin_right:15;margin_left:15;padding_right:0;padding_left:0&#8243;][tm_box_icon style=&#8221;3&#8243; icon_type=&#8221;pe7stroke&#8221; icon_pe7stroke=&#8221;pe-7s-map-marker&#8221; icon_color=&#8221;primary&#8221; heading=&#8221;solmey GmbH&#8221; text=&#8221;Badstr. 12 71546 Aspach Alemania&#8221; icon_font_size=&#8221;lg:48&#8243; custom_css=&#8221;LnRtLWJveC1pY29uLnN0eWxlLTMlMjAuaWNvbiUyMCU3QmJvcmRlciUzQTAlM0IlN0QlMEEudG0tYm94LWljb24lMjAlN0JtYXJnaW4tYm90dG9tJTNBMCUzQiU3RCUwQS50bS1ib3gtaWNvbi5zdHlsZS0zJTIwLmhlYWRpbmclMjAlN0JtYXJnaW4tYm90dG9tJTNBMHB4JTNCJTdE&#8221;][\/vc_column][vc_column offset=&#8221;vc_col-lg-4&#8243;][tm_box_icon style=&#8221;3&#8243; icon_type=&#8221;pe7stroke&#8221; icon_pe7stroke=&#8221;pe-7s-call&#8221; icon_color=&#8221;primary&#8221; text=&#8221;Tel\u00e9fono +49 7191 933881 info@solmey.de&#8221; icon_font_size=&#8221;lg:44&#8243;][\/vc_column][vc_column offset=&#8221;vc_col-lg-4&#8243;][tm_box_icon style=&#8221;3&#8243; icon_type=&#8221;pe7stroke&#8221; icon_pe7stroke=&#8221;pe-7s-paperclip&#8221; icon_color=&#8221;primary&#8221; text=&#8221;Impr\u00e9ssum Pol\u00edtica de privacidad&#8221; icon_font_size=&#8221;lg:48&#8243;][\/vc_column][\/vc_row]<\/p>\n","protected":false},"author":2,"featured_media":0,"parent":0,"menu_order":0,"comment_status":"closed","ping_status":"closed","template":"","meta":{"footnotes":""},"class_list":["post-3811","page","type-page","status-publish","hentry"],"_links":{"self":[{"href":"https:\/\/www.solmey.de\/es\/wp-json\/wp\/v2\/pages\/3811","targetHints":{"allow":["GET"]}}],"collection":[{"href":"https:\/\/www.solmey.de\/es\/wp-json\/wp\/v2\/pages"}],"about":[{"href":"https:\/\/www.solmey.de\/es\/wp-json\/wp\/v2\/types\/page"}],"author":[{"embeddable":true,"href":"https:\/\/www.solmey.de\/es\/wp-json\/wp\/v2\/users\/2"}],"replies":[{"embeddable":true,"href":"https:\/\/www.solmey.de\/es\/wp-json\/wp\/v2\/comments?post=3811"}],"version-history":[{"count":0,"href":"https:\/\/www.solmey.de\/es\/wp-json\/wp\/v2\/pages\/3811\/revisions"}],"wp:attachment":[{"href":"https:\/\/www.solmey.de\/es\/wp-json\/wp\/v2\/media?parent=3811"}],"curies":[{"name":"wp","href":"https:\/\/api.w.org\/{rel}","templated":true}]}}