{"id":3788,"date":"2019-01-12T00:16:19","date_gmt":"2019-01-11T23:16:19","guid":{"rendered":"https:\/\/www.solmey.de\/?page_id=3788"},"modified":"2026-01-06T17:07:50","modified_gmt":"2026-01-06T16:07:50","slug":"sobre-nostros","status":"publish","type":"page","link":"https:\/\/www.solmey.de\/es\/sobre-nostros\/","title":{"rendered":"Sobre nostros"},"content":{"rendered":"<p>[vc_row full_width=&#8221;stretch_row_content_no_spaces&#8221; equal_height=&#8221;yes&#8221; el_id=&#8221;aboutslider&#8221;][vc_column content_alignment=&#8221;center&#8221;]\n\t\t\t<!-- START Sobre nostros REVOLUTION SLIDER 6.7.40 --><p class=\"rs-p-wp-fix\"><\/p>\n\t\t\t<rs-module-wrap id=\"rev_slider_16_1_wrapper\" data-source=\"gallery\" style=\"visibility:hidden;background:transparent;padding:0;margin:0px auto;margin-top:0;margin-bottom:0;\">\n\t\t\t\t<rs-module id=\"rev_slider_16_1\" style=\"\" data-version=\"6.7.40\">\n\t\t\t\t\t<rs-slides style=\"overflow: hidden; position: absolute;\">\n\t\t\t\t\t\t<rs-slide style=\"position: absolute;\" data-key=\"rs-35\" data-title=\"Slide\" data-anim=\"adpr:false;\">\n\t\t\t\t\t\t\t<img decoding=\"async\" src=\"\/\/www.solmey.de\/wp-content\/plugins\/revslider\/sr6\/assets\/assets\/dummy.png\" alt=\"\" title=\"Sobre nostros\" class=\"rev-slidebg tp-rs-img rs-lazyload\" data-lazyload=\"\/\/www.solmey.de\/wp-content\/uploads\/2020\/09\/HeaderHomeSolmey.jpg\" data-no-retina>\n<!--\n\t\t\t\t\t\t\t--><rs-layer\n\t\t\t\t\t\t\t\tid=\"slider-16-slide-35-layer-2\" \n\t\t\t\t\t\t\t\tdata-type=\"text\"\n\t\t\t\t\t\t\t\tdata-rsp_ch=\"on\"\n\t\t\t\t\t\t\t\tdata-xy=\"xo:371px,53px,47px,46px;yo:184px,201px,234px,194px;\"\n\t\t\t\t\t\t\t\tdata-text=\"w:normal;s:50,50,35,35;l:64,64,45,45;fw:700;a:inherit;\"\n\t\t\t\t\t\t\t\tdata-dim=\"w:881px,881px,600px,400px;\"\n\t\t\t\t\t\t\t\tdata-frame_0=\"tp:600;\"\n\t\t\t\t\t\t\t\tdata-frame_1=\"tp:600;st:0;\"\n\t\t\t\t\t\t\t\tdata-frame_999=\"o:0;tp:600;st:w;sR:8700.0006103516;\"\n\t\t\t\t\t\t\t\tstyle=\"z-index:5;font-family:'Roboto';\"\n\t\t\t\t\t\t\t>Su interlocutor fiable de energ\u00edas renovables. \n\t\t\t\t\t\t\t<\/rs-layer><!--\n-->\t\t\t\t\t<\/rs-slide>\n\t\t\t\t\t<\/rs-slides>\n\t\t\t\t<\/rs-module>\n\t\t\t\t<script>\n\t\t\t\t\tsetREVStartSize({c: 'rev_slider_16_1',rl:[1240,1024,778,480],el:[],gw:[1920,1024,778,480],gh:[700,700,700,700],type:'standard',justify:'',layout:'fullwidth',mh:\"0\"});if (window.RS_MODULES!==undefined && window.RS_MODULES.modules!==undefined && window.RS_MODULES.modules[\"revslider161\"]!==undefined) {window.RS_MODULES.modules[\"revslider161\"].once = false;window.revapi16 = undefined;if (window.RS_MODULES.checkMinimal!==undefined) window.RS_MODULES.checkMinimal()}\n\t\t\t\t<\/script>\n\t\t\t<\/rs-module-wrap>\n\t\t\t<!-- END REVOLUTION SLIDER -->\n[\/vc_column][\/vc_row][vc_row full_width=&#8221;stretch_row&#8221; background_color=&#8221;custom&#8221; lg_spacing=&#8221;padding_top:70&#8243; custom_background_color=&#8221;rgba(0,68,123,0.04)&#8221;][vc_column width=&#8221;1\/2&#8243;][vc_column_text css_animation=&#8221;fadeIn&#8221;]En el asunto de energ\u00edas renovables es mejor confiar en un experto fiable.<br \/>\nCon nuestra empresa ha ido a parar en buenas manos.<br \/>\nNosotros le ayudamos en cada fase del proyecto y nos encargamos de todo el papeleo necesario.[\/vc_column_text][tm_spacer size=&#8221;lg:30&#8243;][\/vc_column][vc_column width=&#8221;1\/2&#8243;][vc_column_text css_animation=&#8221;fadeIn&#8221;]Montamos su instalaci\u00f3n profesional con todo detalle y le asesoramos con su financiaci\u00f3n. Desde luego despu\u00e9s de los trabajos de instalaci\u00f3n realizados usted siempre puede contar con nosotros.[\/vc_column_text][tm_spacer size=&#8221;lg:30&#8243;][tm_heading tag=&#8221;h4&#8243; custom_google_font=&#8221;&#8221; animation=&#8221;move-up&#8221; text=&#8221;Prometido.&#8221;][tm_spacer size=&#8221;lg:30&#8243;][\/vc_column][\/vc_row][vc_row full_width=&#8221;stretch_row&#8221; background_color=&#8221;custom&#8221; lg_spacing=&#8221;border_top:1;padding_top:50;padding_bottom:20&#8243; custom_background_color=&#8221;rgba(0,68,123,0.04)&#8221;][vc_column][tm_heading style=&#8221;with-separator-04&#8243; custom_google_font=&#8221;&#8221; text=&#8221;personas de contacto&#8221; font_size=&#8221;lg:40&#8243;][tm_spacer size=&#8221;lg:27&#8243;][tm_heading tag=&#8221;div&#8221; custom_google_font=&#8221;&#8221; text=&#8221;P\u00f3ngase en contacto con nuestras personas de contacto.&#8221; max_width=&#8221;630px&#8221;][tm_spacer size=&#8221;lg:70&#8243;][vc_row_inner][vc_column_inner width=&#8221;1\/3&#8243;][tm_image image=&#8221;4352&#8243;][tm_spacer size=&#8221;lg:15&#8243;][tm_team_member social_networks=&#8221;%5B%7B%22icon_fontawesome%22%3A%22fa%20fa-adjust%22%2C%22icon_ion%22%3A%22ion-alert%22%2C%22icon_themify%22%3A%22ti-arrow-up%22%2C%22icon_pe7stroke%22%3A%22pe-7s-album%22%2C%22icon_flat%22%3A%22flaticon-heartbeat%22%2C%22icon_tractor%22%3A%22tractor-chat%22%2C%22icon_icomoon%22%3A%22icomoon-alarm-clock%22%7D%5D&#8221; name=&#8221;Dietmar Meyer&#8221; position=&#8221;fundador de la empresa&#8221; desc=&#8221;Mobil +49 173 9883193&#8243;][\/vc_column_inner][vc_column_inner width=&#8221;1\/3&#8243;][tm_image image=&#8221;4349&#8243;][tm_spacer size=&#8221;lg:15&#8243;][tm_team_member social_networks=&#8221;%5B%7B%22icon_fontawesome%22%3A%22fa%20fa-adjust%22%2C%22icon_ion%22%3A%22ion-alert%22%2C%22icon_themify%22%3A%22ti-arrow-up%22%2C%22icon_pe7stroke%22%3A%22pe-7s-album%22%2C%22icon_flat%22%3A%22flaticon-heartbeat%22%2C%22icon_tractor%22%3A%22tractor-chat%22%2C%22icon_icomoon%22%3A%22icomoon-alarm-clock%22%7D%5D&#8221; name=&#8221;Axel Noack&#8221; position=&#8221;director general de tecnologia&#8221; desc=&#8221;Mobil +49 172 7233116&#8243;][\/vc_column_inner][vc_column_inner width=&#8221;1\/3&#8243;][tm_image image=&#8221;4375&#8243;][tm_spacer size=&#8221;lg:15&#8243;][tm_team_member animation=&#8221;none&#8221; social_networks=&#8221;%5B%7B%22icon_fontawesome%22%3A%22fa%20fa-adjust%22%2C%22icon_ion%22%3A%22ion-alert%22%2C%22icon_themify%22%3A%22ti-arrow-up%22%2C%22icon_pe7stroke%22%3A%22pe-7s-album%22%2C%22icon_flat%22%3A%22flaticon-heartbeat%22%2C%22icon_tractor%22%3A%22tractor-chat%22%2C%22icon_icomoon%22%3A%22icomoon-alarm-clock%22%7D%5D&#8221; photo=&#8221;4180&#8243; name=&#8221;Sueli Spieth&#8221; position=&#8221;director general&#8221; desc=&#8221;Fon +49 176 20903023&#8243;][\/vc_column_inner][\/vc_row_inner][vc_row_inner][vc_column_inner width=&#8221;1\/3&#8243;][tm_image image=&#8221;4740&#8243;][tm_spacer size=&#8221;lg:15&#8243;][tm_team_member social_networks=&#8221;%5B%7B%22icon_fontawesome%22%3A%22fa%20fa-adjust%22%2C%22icon_ion%22%3A%22ion-alert%22%2C%22icon_themify%22%3A%22ti-arrow-up%22%2C%22icon_pe7stroke%22%3A%22pe-7s-album%22%2C%22icon_flat%22%3A%22flaticon-heartbeat%22%2C%22icon_tractor%22%3A%22tractor-chat%22%2C%22icon_icomoon%22%3A%22icomoon-alarm-clock%22%7D%5D&#8221; name=&#8221;Merlin Pfisterer&#8221; position=&#8221;electrician&#8221; desc=&#8221;Fon +49 7191 933881&#8243;][\/vc_column_inner][vc_column_inner width=&#8221;1\/3&#8243;][tm_image image=&#8221;4370&#8243;][tm_spacer size=&#8221;lg:15&#8243;][tm_team_member social_networks=&#8221;%5B%7B%22icon_fontawesome%22%3A%22fa%20fa-adjust%22%2C%22icon_ion%22%3A%22ion-alert%22%2C%22icon_themify%22%3A%22ti-arrow-up%22%2C%22icon_pe7stroke%22%3A%22pe-7s-album%22%2C%22icon_flat%22%3A%22flaticon-heartbeat%22%2C%22icon_tractor%22%3A%22tractor-chat%22%2C%22icon_icomoon%22%3A%22icomoon-alarm-clock%22%7D%5D&#8221; name=&#8221;Stefan Roger&#8221; position=&#8221;planificaci\u00f3n, servicio&#8221; desc=&#8221;Fon +49 7191 933881&#8243;][\/vc_column_inner][vc_column_inner width=&#8221;1\/3&#8243;][tm_image image=&#8221;4367&#8243;][tm_spacer size=&#8221;lg:15&#8243;][tm_team_member social_networks=&#8221;%5B%7B%22icon_fontawesome%22%3A%22fa%20fa-adjust%22%2C%22icon_ion%22%3A%22ion-alert%22%2C%22icon_themify%22%3A%22ti-arrow-up%22%2C%22icon_pe7stroke%22%3A%22pe-7s-album%22%2C%22icon_flat%22%3A%22flaticon-heartbeat%22%2C%22icon_tractor%22%3A%22tractor-chat%22%2C%22icon_icomoon%22%3A%22icomoon-alarm-clock%22%7D%5D&#8221; desc=&#8221;Fon +49 7191 933881&#8243; name=&#8221;S\u00f6ren Erb&#8221; position=&#8221;instalador tecnolog\u00eda solar&#8221;][\/vc_column_inner][\/vc_row_inner][vc_row_inner][vc_column_inner width=&#8221;1\/3&#8243;][tm_image image=&#8221;4361&#8243;][tm_spacer size=&#8221;lg:15&#8243;][tm_team_member social_networks=&#8221;%5B%7B%22icon_fontawesome%22%3A%22fa%20fa-adjust%22%2C%22icon_ion%22%3A%22ion-alert%22%2C%22icon_themify%22%3A%22ti-arrow-up%22%2C%22icon_pe7stroke%22%3A%22pe-7s-album%22%2C%22icon_flat%22%3A%22flaticon-heartbeat%22%2C%22icon_tractor%22%3A%22tractor-chat%22%2C%22icon_icomoon%22%3A%22icomoon-alarm-clock%22%7D%5D&#8221; desc=&#8221;Fon +49 7191 933881&#8243; name=&#8221;Julia Butschler&#8221; position=&#8221;Bachelor of Arts, project management&#8221;][\/vc_column_inner][vc_column_inner width=&#8221;1\/3&#8243;][tm_image image=&#8221;4796&#8243;][tm_spacer size=&#8221;lg:15&#8243;][tm_team_member social_networks=&#8221;%5B%7B%22icon_fontawesome%22%3A%22fa%20fa-adjust%22%2C%22icon_ion%22%3A%22ion-alert%22%2C%22icon_themify%22%3A%22ti-arrow-up%22%2C%22icon_pe7stroke%22%3A%22pe-7s-album%22%2C%22icon_flat%22%3A%22flaticon-heartbeat%22%2C%22icon_tractor%22%3A%22tractor-chat%22%2C%22icon_icomoon%22%3A%22icomoon-alarm-clock%22%7D%5D&#8221; desc=&#8221;Fon +49 7191 933881&#8243; name=&#8221;Miko Noack&#8221; position=&#8221;secretaria, contabilidad&#8221;][\/vc_column_inner][vc_column_inner width=&#8221;1\/3&#8243;][tm_image image=&#8221;4360&#8243;][tm_spacer size=&#8221;lg:15&#8243;][tm_team_member social_networks=&#8221;%5B%7B%22icon_fontawesome%22%3A%22fa%20fa-adjust%22%2C%22icon_ion%22%3A%22ion-alert%22%2C%22icon_themify%22%3A%22ti-arrow-up%22%2C%22icon_pe7stroke%22%3A%22pe-7s-album%22%2C%22icon_flat%22%3A%22flaticon-heartbeat%22%2C%22icon_tractor%22%3A%22tractor-chat%22%2C%22icon_icomoon%22%3A%22icomoon-alarm-clock%22%7D%5D&#8221; border_color=&#8221;primary&#8221; desc=&#8221;Fon +49 7191 933881&#8243; name=&#8221;Gerlinde Meyer&#8221; position=&#8221;secretaria, contabilidad&#8221;][tm_spacer size=&#8221;lg:10&#8243;][vc_column_text]Bilder: (c) www.janine-kyofsky.de[\/vc_column_text][\/vc_column_inner][\/vc_row_inner][vc_row_inner][vc_column_inner width=&#8221;1\/3&#8243;][tm_image image=&#8221;4813&#8243;][tm_spacer size=&#8221;lg:15&#8243;][tm_team_member social_networks=&#8221;%5B%7B%22icon_fontawesome%22%3A%22fa%20fa-adjust%22%2C%22icon_ion%22%3A%22ion-alert%22%2C%22icon_themify%22%3A%22ti-arrow-up%22%2C%22icon_pe7stroke%22%3A%22pe-7s-album%22%2C%22icon_flat%22%3A%22flaticon-heartbeat%22%2C%22icon_tractor%22%3A%22tractor-chat%22%2C%22icon_icomoon%22%3A%22icomoon-alarm-clock%22%7D%5D&#8221; desc=&#8221;Fon +49 7191 933881&#8243; name=&#8221;Matthias Motzigemba&#8221; position=&#8221;graduate engineer, consultation and sales&#8221;][\/vc_column_inner][vc_column_inner width=&#8221;1\/3&#8243;][tm_image image=&#8221;4970&#8243;][tm_spacer size=&#8221;lg:15&#8243;][tm_team_member social_networks=&#8221;%5B%7B%22icon_fontawesome%22%3A%22fa%20fa-adjust%22%2C%22icon_ion%22%3A%22ion-alert%22%2C%22icon_themify%22%3A%22ti-arrow-up%22%2C%22icon_pe7stroke%22%3A%22pe-7s-album%22%2C%22icon_flat%22%3A%22flaticon-heartbeat%22%2C%22icon_tractor%22%3A%22tractor-chat%22%2C%22icon_icomoon%22%3A%22icomoon-alarm-clock%22%7D%5D&#8221; desc=&#8221;Fon +49 7191 933881&#8243; name=&#8221;Dominic Stuis&#8221; position=&#8221;electrician&#8221;][\/vc_column_inner][vc_column_inner width=&#8221;1\/3&#8243;][tm_image image=&#8221;4970&#8243;][tm_spacer size=&#8221;lg:15&#8243;][tm_team_member social_networks=&#8221;%5B%7B%22icon_fontawesome%22%3A%22fa%20fa-adjust%22%2C%22icon_ion%22%3A%22ion-alert%22%2C%22icon_themify%22%3A%22ti-arrow-up%22%2C%22icon_pe7stroke%22%3A%22pe-7s-album%22%2C%22icon_flat%22%3A%22flaticon-heartbeat%22%2C%22icon_tractor%22%3A%22tractor-chat%22%2C%22icon_icomoon%22%3A%22icomoon-alarm-clock%22%7D%5D&#8221; border_color=&#8221;primary&#8221; desc=&#8221;Fon +49 7191 933881&#8243; name=&#8221;Siegfried Willert&#8221; position=&#8221;oficial de seguridad&#8221;][tm_spacer size=&#8221;lg:10&#8243;][\/vc_column_inner][\/vc_row_inner][\/vc_column][\/vc_row][vc_row][vc_column][tm_spacer size=&#8221;lg:50&#8243;][\/vc_column][\/vc_row][vc_row lg_spacing=&#8221;padding_top:30;padding_bottom:1&#8243;][vc_column offset=&#8221;vc_col-lg-4&#8243; lg_spacing=&#8221;margin_right:15;margin_left:15;padding_right:0;padding_left:0&#8243;][tm_box_icon style=&#8221;3&#8243; icon_type=&#8221;pe7stroke&#8221; icon_pe7stroke=&#8221;pe-7s-map-marker&#8221; icon_color=&#8221;primary&#8221; heading=&#8221;solmey GmbH&#8221; text=&#8221;Badstr. 12<br \/>\n71546 Aspach<br \/>\nAlemania&#8221; icon_font_size=&#8221;lg:48&#8243; custom_css=&#8221;LnRtLWJveC1pY29uLnN0eWxlLTMlMjAuaWNvbiUyMCU3QmJvcmRlciUzQTAlM0IlN0QlMEEudG0tYm94LWljb24lMjAlN0JtYXJnaW4tYm90dG9tJTNBMCUzQiU3RCUwQS50bS1ib3gtaWNvbi5zdHlsZS0zJTIwLmhlYWRpbmclMjAlN0JtYXJnaW4tYm90dG9tJTNBMHB4JTNCJTdE&#8221;][\/vc_column][vc_column offset=&#8221;vc_col-lg-4&#8243;][tm_box_icon style=&#8221;3&#8243; icon_type=&#8221;pe7stroke&#8221; icon_pe7stroke=&#8221;pe-7s-call&#8221; icon_color=&#8221;primary&#8221; icon_font_size=&#8221;lg:44&#8243; text=&#8221;Tel\u00e9fono +49 7191 933881 <br \/><a href=``mailto:info@solmey.de``>info@solmey.de<\/a>&#8220;][\/vc_column][vc_column offset=&#8221;vc_col-lg-4&#8243;][tm_box_icon style=&#8221;3&#8243; icon_type=&#8221;pe7stroke&#8221; icon_pe7stroke=&#8221;pe-7s-paperclip&#8221; icon_color=&#8221;primary&#8221; icon_font_size=&#8221;lg:48&#8243; text=&#8221;<a href=``https:\/\/www.solmey.de\/es\/impressum\/``>Impr\u00e9ssum<\/a> <br \/><a href=``https:\/\/www.solmey.de\/es\/politicadeprivacidad``>Pol\u00edtica de privacidad<\/a>&#8220;][\/vc_column][\/vc_row]<\/p>\n","protected":false},"excerpt":{"rendered":"<p>[vc_row full_width=&#8221;stretch_row_content_no_spaces&#8221; equal_height=&#8221;yes&#8221; el_id=&#8221;aboutslider&#8221;][vc_column content_alignment=&#8221;center&#8221;][\/vc_column][\/vc_row][vc_row full_width=&#8221;stretch_row&#8221; background_color=&#8221;custom&#8221; lg_spacing=&#8221;padding_top:70&#8243; custom_background_color=&#8221;rgba(0,68,123,0.04)&#8221;][vc_column width=&#8221;1\/2&#8243;][vc_column_text css_animation=&#8221;fadeIn&#8221;]En el asunto de energ\u00edas renovables es mejor confiar en un experto fiable. Con nuestra empresa ha ido a parar en buenas manos. Nosotros le ayudamos en cada fase del proyecto y nos encargamos de todo el papeleo necesario.[\/vc_column_text][tm_spacer size=&#8221;lg:30&#8243;][\/vc_column][vc_column width=&#8221;1\/2&#8243;][vc_column_text css_animation=&#8221;fadeIn&#8221;]Montamos su instalaci\u00f3n profesional con todo detalle y le asesoramos con su financiaci\u00f3n. Desde luego despu\u00e9s de los trabajos de instalaci\u00f3n realizados usted siempre puede contar con nosotros.[\/vc_column_text][tm_spacer size=&#8221;lg:30&#8243;][tm_heading tag=&#8221;h4&#8243; custom_google_font=&#8221;&#8221; animation=&#8221;move-up&#8221; text=&#8221;Prometido.&#8221;][tm_spacer size=&#8221;lg:30&#8243;][\/vc_column][\/vc_row][vc_row full_width=&#8221;stretch_row&#8221; background_color=&#8221;custom&#8221; lg_spacing=&#8221;border_top:1;padding_top:50;padding_bottom:20&#8243; custom_background_color=&#8221;rgba(0,68,123,0.04)&#8221;][vc_column][tm_heading style=&#8221;with-separator-04&#8243; custom_google_font=&#8221;&#8221; text=&#8221;personas de contacto&#8221; font_size=&#8221;lg:40&#8243;][tm_spacer size=&#8221;lg:27&#8243;][tm_heading tag=&#8221;div&#8221; custom_google_font=&#8221;&#8221; text=&#8221;P\u00f3ngase en contacto con nuestras personas de contacto.&#8221; max_width=&#8221;630px&#8221;][tm_spacer size=&#8221;lg:70&#8243;][vc_row_inner][vc_column_inner width=&#8221;1\/3&#8243;][tm_image image=&#8221;4352&#8243;][tm_spacer size=&#8221;lg:15&#8243;][tm_team_member social_networks=&#8221;%5B%7B%22icon_fontawesome%22%3A%22fa%20fa-adjust%22%2C%22icon_ion%22%3A%22ion-alert%22%2C%22icon_themify%22%3A%22ti-arrow-up%22%2C%22icon_pe7stroke%22%3A%22pe-7s-album%22%2C%22icon_flat%22%3A%22flaticon-heartbeat%22%2C%22icon_tractor%22%3A%22tractor-chat%22%2C%22icon_icomoon%22%3A%22icomoon-alarm-clock%22%7D%5D&#8221; name=&#8221;Dietmar Meyer&#8221; position=&#8221;fundador de la empresa&#8221; desc=&#8221;Mobil +49 173 9883193&#8243;][\/vc_column_inner][vc_column_inner width=&#8221;1\/3&#8243;][tm_image image=&#8221;4349&#8243;][tm_spacer size=&#8221;lg:15&#8243;][tm_team_member social_networks=&#8221;%5B%7B%22icon_fontawesome%22%3A%22fa%20fa-adjust%22%2C%22icon_ion%22%3A%22ion-alert%22%2C%22icon_themify%22%3A%22ti-arrow-up%22%2C%22icon_pe7stroke%22%3A%22pe-7s-album%22%2C%22icon_flat%22%3A%22flaticon-heartbeat%22%2C%22icon_tractor%22%3A%22tractor-chat%22%2C%22icon_icomoon%22%3A%22icomoon-alarm-clock%22%7D%5D&#8221; name=&#8221;Axel Noack&#8221; position=&#8221;director general de tecnologia&#8221; desc=&#8221;Mobil +49 172 7233116&#8243;][\/vc_column_inner][vc_column_inner width=&#8221;1\/3&#8243;][tm_image image=&#8221;4375&#8243;][tm_spacer size=&#8221;lg:15&#8243;][tm_team_member animation=&#8221;none&#8221; social_networks=&#8221;%5B%7B%22icon_fontawesome%22%3A%22fa%20fa-adjust%22%2C%22icon_ion%22%3A%22ion-alert%22%2C%22icon_themify%22%3A%22ti-arrow-up%22%2C%22icon_pe7stroke%22%3A%22pe-7s-album%22%2C%22icon_flat%22%3A%22flaticon-heartbeat%22%2C%22icon_tractor%22%3A%22tractor-chat%22%2C%22icon_icomoon%22%3A%22icomoon-alarm-clock%22%7D%5D&#8221; photo=&#8221;4180&#8243; name=&#8221;Sueli Spieth&#8221; position=&#8221;director general&#8221; desc=&#8221;Fon +49 176 20903023&#8243;][\/vc_column_inner][\/vc_row_inner][vc_row_inner][vc_column_inner width=&#8221;1\/3&#8243;][tm_image image=&#8221;4740&#8243;][tm_spacer size=&#8221;lg:15&#8243;][tm_team_member social_networks=&#8221;%5B%7B%22icon_fontawesome%22%3A%22fa%20fa-adjust%22%2C%22icon_ion%22%3A%22ion-alert%22%2C%22icon_themify%22%3A%22ti-arrow-up%22%2C%22icon_pe7stroke%22%3A%22pe-7s-album%22%2C%22icon_flat%22%3A%22flaticon-heartbeat%22%2C%22icon_tractor%22%3A%22tractor-chat%22%2C%22icon_icomoon%22%3A%22icomoon-alarm-clock%22%7D%5D&#8221; name=&#8221;Merlin Pfisterer&#8221; position=&#8221;electrician&#8221; desc=&#8221;Fon +49 7191 933881&#8243;][\/vc_column_inner][vc_column_inner width=&#8221;1\/3&#8243;][tm_image image=&#8221;4370&#8243;][tm_spacer size=&#8221;lg:15&#8243;][tm_team_member social_networks=&#8221;%5B%7B%22icon_fontawesome%22%3A%22fa%20fa-adjust%22%2C%22icon_ion%22%3A%22ion-alert%22%2C%22icon_themify%22%3A%22ti-arrow-up%22%2C%22icon_pe7stroke%22%3A%22pe-7s-album%22%2C%22icon_flat%22%3A%22flaticon-heartbeat%22%2C%22icon_tractor%22%3A%22tractor-chat%22%2C%22icon_icomoon%22%3A%22icomoon-alarm-clock%22%7D%5D&#8221; name=&#8221;Stefan Roger&#8221; position=&#8221;planificaci\u00f3n, servicio&#8221; desc=&#8221;Fon +49 7191 933881&#8243;][\/vc_column_inner][vc_column_inner width=&#8221;1\/3&#8243;][tm_image image=&#8221;4367&#8243;][tm_spacer size=&#8221;lg:15&#8243;][tm_team_member social_networks=&#8221;%5B%7B%22icon_fontawesome%22%3A%22fa%20fa-adjust%22%2C%22icon_ion%22%3A%22ion-alert%22%2C%22icon_themify%22%3A%22ti-arrow-up%22%2C%22icon_pe7stroke%22%3A%22pe-7s-album%22%2C%22icon_flat%22%3A%22flaticon-heartbeat%22%2C%22icon_tractor%22%3A%22tractor-chat%22%2C%22icon_icomoon%22%3A%22icomoon-alarm-clock%22%7D%5D&#8221; desc=&#8221;Fon +49 7191 933881&#8243; name=&#8221;S\u00f6ren Erb&#8221; position=&#8221;instalador tecnolog\u00eda solar&#8221;][\/vc_column_inner][\/vc_row_inner][vc_row_inner][vc_column_inner width=&#8221;1\/3&#8243;][tm_image image=&#8221;4361&#8243;][tm_spacer size=&#8221;lg:15&#8243;][tm_team_member social_networks=&#8221;%5B%7B%22icon_fontawesome%22%3A%22fa%20fa-adjust%22%2C%22icon_ion%22%3A%22ion-alert%22%2C%22icon_themify%22%3A%22ti-arrow-up%22%2C%22icon_pe7stroke%22%3A%22pe-7s-album%22%2C%22icon_flat%22%3A%22flaticon-heartbeat%22%2C%22icon_tractor%22%3A%22tractor-chat%22%2C%22icon_icomoon%22%3A%22icomoon-alarm-clock%22%7D%5D&#8221; desc=&#8221;Fon +49 7191 933881&#8243; name=&#8221;Julia Butschler&#8221; position=&#8221;Bachelor of Arts, project management&#8221;][\/vc_column_inner][vc_column_inner width=&#8221;1\/3&#8243;][tm_image image=&#8221;4796&#8243;][tm_spacer size=&#8221;lg:15&#8243;][tm_team_member social_networks=&#8221;%5B%7B%22icon_fontawesome%22%3A%22fa%20fa-adjust%22%2C%22icon_ion%22%3A%22ion-alert%22%2C%22icon_themify%22%3A%22ti-arrow-up%22%2C%22icon_pe7stroke%22%3A%22pe-7s-album%22%2C%22icon_flat%22%3A%22flaticon-heartbeat%22%2C%22icon_tractor%22%3A%22tractor-chat%22%2C%22icon_icomoon%22%3A%22icomoon-alarm-clock%22%7D%5D&#8221; desc=&#8221;Fon +49 7191 933881&#8243; name=&#8221;Miko Noack&#8221; position=&#8221;secretaria, contabilidad&#8221;][\/vc_column_inner][vc_column_inner width=&#8221;1\/3&#8243;][tm_image image=&#8221;4360&#8243;][tm_spacer size=&#8221;lg:15&#8243;][tm_team_member social_networks=&#8221;%5B%7B%22icon_fontawesome%22%3A%22fa%20fa-adjust%22%2C%22icon_ion%22%3A%22ion-alert%22%2C%22icon_themify%22%3A%22ti-arrow-up%22%2C%22icon_pe7stroke%22%3A%22pe-7s-album%22%2C%22icon_flat%22%3A%22flaticon-heartbeat%22%2C%22icon_tractor%22%3A%22tractor-chat%22%2C%22icon_icomoon%22%3A%22icomoon-alarm-clock%22%7D%5D&#8221; border_color=&#8221;primary&#8221; desc=&#8221;Fon +49 7191 933881&#8243; name=&#8221;Gerlinde Meyer&#8221; position=&#8221;secretaria, contabilidad&#8221;][tm_spacer size=&#8221;lg:10&#8243;][vc_column_text]Bilder: (c) www.janine-kyofsky.de[\/vc_column_text][\/vc_column_inner][\/vc_row_inner][vc_row_inner][vc_column_inner width=&#8221;1\/3&#8243;][tm_image image=&#8221;4813&#8243;][tm_spacer size=&#8221;lg:15&#8243;][tm_team_member social_networks=&#8221;%5B%7B%22icon_fontawesome%22%3A%22fa%20fa-adjust%22%2C%22icon_ion%22%3A%22ion-alert%22%2C%22icon_themify%22%3A%22ti-arrow-up%22%2C%22icon_pe7stroke%22%3A%22pe-7s-album%22%2C%22icon_flat%22%3A%22flaticon-heartbeat%22%2C%22icon_tractor%22%3A%22tractor-chat%22%2C%22icon_icomoon%22%3A%22icomoon-alarm-clock%22%7D%5D&#8221; desc=&#8221;Fon +49 7191 933881&#8243; name=&#8221;Matthias Motzigemba&#8221; position=&#8221;graduate engineer, consultation and sales&#8221;][\/vc_column_inner][vc_column_inner width=&#8221;1\/3&#8243;][tm_image image=&#8221;4970&#8243;][tm_spacer size=&#8221;lg:15&#8243;][tm_team_member social_networks=&#8221;%5B%7B%22icon_fontawesome%22%3A%22fa%20fa-adjust%22%2C%22icon_ion%22%3A%22ion-alert%22%2C%22icon_themify%22%3A%22ti-arrow-up%22%2C%22icon_pe7stroke%22%3A%22pe-7s-album%22%2C%22icon_flat%22%3A%22flaticon-heartbeat%22%2C%22icon_tractor%22%3A%22tractor-chat%22%2C%22icon_icomoon%22%3A%22icomoon-alarm-clock%22%7D%5D&#8221; desc=&#8221;Fon +49 7191 933881&#8243; name=&#8221;Dominic Stuis&#8221; position=&#8221;electrician&#8221;][\/vc_column_inner][vc_column_inner width=&#8221;1\/3&#8243;][tm_image image=&#8221;4970&#8243;][tm_spacer size=&#8221;lg:15&#8243;][tm_team_member social_networks=&#8221;%5B%7B%22icon_fontawesome%22%3A%22fa%20fa-adjust%22%2C%22icon_ion%22%3A%22ion-alert%22%2C%22icon_themify%22%3A%22ti-arrow-up%22%2C%22icon_pe7stroke%22%3A%22pe-7s-album%22%2C%22icon_flat%22%3A%22flaticon-heartbeat%22%2C%22icon_tractor%22%3A%22tractor-chat%22%2C%22icon_icomoon%22%3A%22icomoon-alarm-clock%22%7D%5D&#8221; border_color=&#8221;primary&#8221; desc=&#8221;Fon +49 7191 933881&#8243; name=&#8221;Siegfried Willert&#8221; position=&#8221;oficial de seguridad&#8221;][tm_spacer size=&#8221;lg:10&#8243;][\/vc_column_inner][\/vc_row_inner][\/vc_column][\/vc_row][vc_row][vc_column][tm_spacer size=&#8221;lg:50&#8243;][\/vc_column][\/vc_row][vc_row lg_spacing=&#8221;padding_top:30;padding_bottom:1&#8243;][vc_column offset=&#8221;vc_col-lg-4&#8243; lg_spacing=&#8221;margin_right:15;margin_left:15;padding_right:0;padding_left:0&#8243;][tm_box_icon style=&#8221;3&#8243; icon_type=&#8221;pe7stroke&#8221; icon_pe7stroke=&#8221;pe-7s-map-marker&#8221; icon_color=&#8221;primary&#8221; heading=&#8221;solmey GmbH&#8221; text=&#8221;Badstr. 12 71546 Aspach Alemania&#8221; icon_font_size=&#8221;lg:48&#8243; custom_css=&#8221;LnRtLWJveC1pY29uLnN0eWxlLTMlMjAuaWNvbiUyMCU3QmJvcmRlciUzQTAlM0IlN0QlMEEudG0tYm94LWljb24lMjAlN0JtYXJnaW4tYm90dG9tJTNBMCUzQiU3RCUwQS50bS1ib3gtaWNvbi5zdHlsZS0zJTIwLmhlYWRpbmclMjAlN0JtYXJnaW4tYm90dG9tJTNBMHB4JTNCJTdE&#8221;][\/vc_column][vc_column offset=&#8221;vc_col-lg-4&#8243;][tm_box_icon style=&#8221;3&#8243; icon_type=&#8221;pe7stroke&#8221; icon_pe7stroke=&#8221;pe-7s-call&#8221; icon_color=&#8221;primary&#8221; icon_font_size=&#8221;lg:44&#8243; text=&#8221;Tel\u00e9fono +49 7191 933881 info@solmey.de&#8220;][\/vc_column][vc_column offset=&#8221;vc_col-lg-4&#8243;][tm_box_icon style=&#8221;3&#8243; icon_type=&#8221;pe7stroke&#8221; icon_pe7stroke=&#8221;pe-7s-paperclip&#8221; icon_color=&#8221;primary&#8221; icon_font_size=&#8221;lg:48&#8243; text=&#8221;Impr\u00e9ssum Pol\u00edtica de privacidad&#8220;][\/vc_column][\/vc_row]<\/p>\n","protected":false},"author":2,"featured_media":0,"parent":0,"menu_order":0,"comment_status":"closed","ping_status":"closed","template":"","meta":{"footnotes":""},"class_list":["post-3788","page","type-page","status-publish","hentry"],"_links":{"self":[{"href":"https:\/\/www.solmey.de\/es\/wp-json\/wp\/v2\/pages\/3788","targetHints":{"allow":["GET"]}}],"collection":[{"href":"https:\/\/www.solmey.de\/es\/wp-json\/wp\/v2\/pages"}],"about":[{"href":"https:\/\/www.solmey.de\/es\/wp-json\/wp\/v2\/types\/page"}],"author":[{"embeddable":true,"href":"https:\/\/www.solmey.de\/es\/wp-json\/wp\/v2\/users\/2"}],"replies":[{"embeddable":true,"href":"https:\/\/www.solmey.de\/es\/wp-json\/wp\/v2\/comments?post=3788"}],"version-history":[{"count":0,"href":"https:\/\/www.solmey.de\/es\/wp-json\/wp\/v2\/pages\/3788\/revisions"}],"wp:attachment":[{"href":"https:\/\/www.solmey.de\/es\/wp-json\/wp\/v2\/media?parent=3788"}],"curies":[{"name":"wp","href":"https:\/\/api.w.org\/{rel}","templated":true}]}}