{"id":3619,"date":"2019-01-11T18:47:26","date_gmt":"2019-01-11T17:47:26","guid":{"rendered":"https:\/\/www.solmey.de\/?page_id=3619"},"modified":"2026-01-06T17:09:34","modified_gmt":"2026-01-06T16:09:34","slug":"home","status":"publish","type":"page","link":"https:\/\/www.solmey.de\/en\/","title":{"rendered":"Home"},"content":{"rendered":"<p>[vc_row equal_height=&#8221;yes&#8221; el_id=&#8221;homeslider&#8221;][vc_column]\n\t\t\t<!-- START HomeSliderEN REVOLUTION SLIDER 6.7.40 --><p class=\"rs-p-wp-fix\"><\/p>\n\t\t\t<rs-module-wrap id=\"rev_slider_13_1_wrapper\" data-source=\"gallery\" style=\"visibility:hidden;background:transparent;padding:0;margin:0px auto;margin-top:0;margin-bottom:0;\">\n\t\t\t\t<rs-module id=\"rev_slider_13_1\" style=\"\" data-version=\"6.7.40\">\n\t\t\t\t\t<rs-slides style=\"overflow: hidden; position: absolute;\">\n\t\t\t\t\t\t<rs-slide style=\"position: absolute;\" data-key=\"rs-32\" data-title=\"Slide\" data-anim=\"adpr:false;\">\n\t\t\t\t\t\t\t<img decoding=\"async\" src=\"\/\/www.solmey.de\/wp-content\/plugins\/revslider\/sr6\/assets\/assets\/dummy.png\" alt=\"\" title=\"Home\" class=\"rev-slidebg tp-rs-img rs-lazyload\" data-lazyload=\"\/\/www.solmey.de\/wp-content\/uploads\/2018\/07\/Homeslider_Retouche.jpg\" data-bg=\"p:center top;\" data-no-retina>\n<!--\n\t\t\t\t\t\t\t--><rs-layer\n\t\t\t\t\t\t\t\tid=\"slider-13-slide-32-layer-2\" \n\t\t\t\t\t\t\t\tdata-type=\"text\"\n\t\t\t\t\t\t\t\tdata-color=\"#014577\"\n\t\t\t\t\t\t\t\tdata-rsp_ch=\"on\"\n\t\t\t\t\t\t\t\tdata-xy=\"x:l,l,l,c;xo:371px,21px,51px,0;yo:184px,133px,148px,89px;\"\n\t\t\t\t\t\t\t\tdata-text=\"w:normal;s:50,50,35,35;l:64,64,45,45;fw:700;a:inherit;\"\n\t\t\t\t\t\t\t\tdata-dim=\"w:881px,881px,600px,400px;\"\n\t\t\t\t\t\t\t\tdata-frame_0=\"tp:600;\"\n\t\t\t\t\t\t\t\tdata-frame_1=\"tp:600;st:0;\"\n\t\t\t\t\t\t\t\tdata-frame_999=\"o:0;tp:600;st:w;sR:8700;\"\n\t\t\t\t\t\t\t\tstyle=\"z-index:5;font-family:'Roboto';\"\n\t\t\t\t\t\t\t>Your Reliable Partner For Renewable Energies. \n\t\t\t\t\t\t\t<\/rs-layer><!--\n-->\t\t\t\t\t<\/rs-slide>\n\t\t\t\t\t<\/rs-slides>\n\t\t\t\t<\/rs-module>\n\t\t\t\t<script>\n\t\t\t\t\tsetREVStartSize({c: 'rev_slider_13_1',rl:[1240,1024,778,480],el:[],gw:[1920,1024,778,480],gh:[700,700,700,700],type:'standard',justify:'',layout:'fullwidth',mh:\"0\"});if (window.RS_MODULES!==undefined && window.RS_MODULES.modules!==undefined && window.RS_MODULES.modules[\"revslider131\"]!==undefined) {window.RS_MODULES.modules[\"revslider131\"].once = false;window.revapi13 = undefined;if (window.RS_MODULES.checkMinimal!==undefined) window.RS_MODULES.checkMinimal()}\n\t\t\t\t<\/script>\n\t\t\t<\/rs-module-wrap>\n\t\t\t<!-- END REVOLUTION SLIDER -->\n[\/vc_column][\/vc_row][vc_row full_width=&#8221;stretch_row&#8221; background_color=&#8221;custom&#8221; lg_spacing=&#8221;padding_top:70;padding_bottom:30&#8243; custom_background_color=&#8221;rgba(0,68,123,0.04)&#8221;][vc_column][tm_heading style=&#8221;with-separator-04&#8243; custom_google_font=&#8221;&#8221; text=&#8221;It\u2019s The Year 2039 &#8230;&#8221; custom_css=&#8221;LmVtYmVkLXJlc3BvbnNpdmUtMTZieTklMjAlN0JwYWRkaW5nLWJvdHRvbSUzQTAlN0Q=&#8221;][tm_spacer size=&#8221;lg:30&#8243;][vc_row_inner][vc_column_inner width=&#8221;1\/2&#8243;][vc_column_text css_animation=&#8221;fadeIn&#8221;]&#8230; The electricity tariff has just been increased to 0.55 \u20ac \/ kWh. While others are moaning and cursing, you sit in the sun relaxing and shrugging your shoulders. The reason for your serenity is that \u2013 back in the year 2019 \u2013 you had already been clever enough to anticipate this development. That\u2019s why you had decided to look after your own energy generation. An excellent decision!<\/p>\n<p>And everything had been so easy, since you had an experienced, reliable and competent partner by your side: The solmey GmbH. They gave you best advices and implemented your wishes and ideas in a professional manner and tailored to suit your needs:[\/vc_column_text][tm_spacer size=&#8221;lg:30&#8243;][tm_list list_style=&#8221;check&#8221; animation=&#8221;fade-in&#8221; columns=&#8221;xs:1;lg:1&#8243; items=&#8221;%5B%7B%22item_title%22%3A%22Solar%20energy%20system%20for%20power%20generation%22%2C%22link%22%3A%22%7C%7C%7C%22%7D%2C%7B%22item_title%22%3A%22Solar%20thermal%20system%20for%20hot%20solar%20showers%22%2C%22link%22%3A%22%7C%7C%7C%22%7D%2C%7B%22item_title%22%3A%22Energy-saving%20LED%20illumination%22%2C%22link%22%3A%22%7C%7C%7C%22%7D%5D&#8221;][tm_spacer size=&#8221;lg:30&#8243;][\/vc_column_inner][vc_column_inner width=&#8221;1\/2&#8243;][vc_column_text css_animation=&#8221;fadeIn&#8221;]For 20 years, you\u2019ve already been using the free and endless energy source of our earth. For 20 years, you\u2019ve been admired for the best and most effective investment of your life. For 20 years, you\u2019ve been contributing to climate protection. For 20 years, you\u2019ve been saving money every single day. And from today on, all others wish they had done the same as you![\/vc_column_text][tm_spacer size=&#8221;lg:30&#8243;][tm_heading tag=&#8221;h5&#8243; custom_google_font=&#8221;&#8221; text=&#8221;In this sense: To a sunny future!&#8221; custom_css=&#8221;LmVtYmVkLXJlc3BvbnNpdmUtMTZieTklMjAlN0JwYWRkaW5nLWJvdHRvbSUzQTAlN0Q=&#8221;][tm_spacer size=&#8221;lg:30&#8243;][vc_video link=&#8221;https:\/\/www.youtube.com\/watch?v=Vz_wAh0sjc0&#8243; css_animation=&#8221;none&#8221;][\/vc_column_inner][\/vc_row_inner][\/vc_column][\/vc_row][vc_row lg_spacing=&#8221;padding_top:30&#8243;][vc_column][tm_heading style=&#8221;with-separator-04&#8243; custom_google_font=&#8221;&#8221; text=&#8221;Our Services&#8221; custom_css=&#8221;LmVtYmVkLXJlc3BvbnNpdmUtMTZieTklMjAlN0JwYWRkaW5nLWJvdHRvbSUzQTAlN0Q=&#8221;][tm_spacer size=&#8221;lg:16&#8243;][\/vc_column][\/vc_row][vc_row lg_spacing=&#8221;padding_top:30&#8243; gutter=&#8221;md:30;lg:50&#8243;][vc_column offset=&#8221;vc_col-md-4&#8243;][tm_rotate_box style=&#8221;2&#8243; direction=&#8221;right&#8221; front_button_color=&#8221;secondary&#8221; front_background_color=&#8221;secondary&#8221; back_background_overlay=&#8221;secondary&#8221; back_overlay_opacity=&#8221;74&#8243; height=&#8221;350&#8243; front_heading=&#8221;Photovoltaic&#8221; front_button=&#8221;|||&#8221; back_text=&#8221;Photovoltaic is the direct conversion of light into energy.&#8221; back_button=&#8221;url:http%3A%2F%2Fwww.solmey.de%2Fen%2Fservices%2F%23photovoltaik|title:Read%20more||&#8221; front_background_image=&#8221;3370&#8243; back_background_image=&#8221;3370&#8243;][tm_spacer size=&#8221;lg:50&#8243;][\/vc_column][vc_column offset=&#8221;vc_col-md-4&#8243;][tm_rotate_box style=&#8221;2&#8243; direction=&#8221;right&#8221; front_button_color=&#8221;secondary&#8221; front_background_color=&#8221;secondary&#8221; back_background_overlay=&#8221;secondary&#8221; back_overlay_opacity=&#8221;74&#8243; height=&#8221;350&#8243; front_heading=&#8221;Solar Thermal Systems&#8221; front_button=&#8221;|||&#8221; front_background_image=&#8221;3376&#8243; back_text=&#8221;Your energy future without fossil fuels.&#8221; back_button=&#8221;url:http%3A%2F%2Fwww.solmey.de%2Fen%2Fservices%2F%23warmwasser|title:Read%20more||&#8221; back_background_image=&#8221;3376&#8243;][tm_spacer size=&#8221;lg:50&#8243;][\/vc_column][vc_column offset=&#8221;vc_col-md-4&#8243;][tm_rotate_box style=&#8221;2&#8243; direction=&#8221;right&#8221; front_button_color=&#8221;secondary&#8221; front_background_color=&#8221;secondary&#8221; back_background_overlay=&#8221;secondary&#8221; back_overlay_opacity=&#8221;74&#8243; height=&#8221;350&#8243; front_heading=&#8221;LED Lamps&#8221; front_button=&#8221;|||&#8221; back_text=&#8221;The light of the future allows you to save up to 90% of energy costs.&#8221; back_button=&#8221;url:http%3A%2F%2Fwww.solmey.de%2Fen%2Fservices%2F%23led|title:Read%20more||&#8221; front_background_image=&#8221;3363&#8243; back_background_image=&#8221;3363&#8243;][tm_spacer size=&#8221;lg:50&#8243;][\/vc_column][\/vc_row][vc_row disable_element=&#8221;yes&#8221; gutter=&#8221;md:30;lg:50&#8243;][vc_column offset=&#8221;vc_col-md-4&#8243;][tm_rotate_box style=&#8221;2&#8243; direction=&#8221;right&#8221; front_button_color=&#8221;secondary&#8221; front_background_color=&#8221;secondary&#8221; back_background_overlay=&#8221;secondary&#8221; back_overlay_opacity=&#8221;74&#8243; height=&#8221;350&#8243; front_heading=&#8221;Elektrische Design-Stromheizungen&#8221; front_button=&#8221;|||&#8221; front_background_image=&#8221;3374&#8243; back_text=&#8221;Die g\u00fcnstige, wartungsfreie Alternative zu herk\u00f6mmlichen Heizsystemen.&#8221; back_button=&#8221;url:http%3A%2F%2Fwww.solmey.de%2Fleistungen%2F%23stromheizungen|title:Mehr%20erfahren||&#8221; back_background_image=&#8221;3374&#8243;][tm_spacer size=&#8221;lg:50&#8243;][\/vc_column][vc_column offset=&#8221;vc_col-md-4&#8243;][tm_rotate_box style=&#8221;2&#8243; direction=&#8221;right&#8221; front_button_color=&#8221;secondary&#8221; front_background_color=&#8221;secondary&#8221; back_background_overlay=&#8221;secondary&#8221; back_overlay_opacity=&#8221;74&#8243; height=&#8221;350&#8243; front_heading=&#8221;Stromspeichersysteme&#8221; front_button=&#8221;|||&#8221; front_background_image=&#8221;3372&#8243; back_text=&#8221;Die Sonne geht auf \u2013 auch am Abend.&#8221; back_button=&#8221;url:http%3A%2F%2Fwww.solmey.de%2Fleistungen%2F%23speichersysteme|title:Mehr%20erfahren||&#8221; back_background_image=&#8221;3372&#8243;][tm_spacer size=&#8221;lg:50&#8243;][\/vc_column][vc_column offset=&#8221;vc_col-md-4&#8243;][tm_rotate_box style=&#8221;2&#8243; direction=&#8221;right&#8221; front_button_color=&#8221;secondary&#8221; front_background_color=&#8221;secondary&#8221; back_background_overlay=&#8221;secondary&#8221; back_overlay_opacity=&#8221;74&#8243; height=&#8221;350&#8243; front_heading=&#8221;Carports- und Veranda-L\u00f6sungen&#8221; front_button=&#8221;|||&#8221; front_background_image=&#8221;3199&#8243; back_text=&#8221;Schick und individuell mit semitransparenten PV-Glas-Modulen sind es die einzigen \u00dcberdachungen.&#8221; back_button=&#8221;url:http%3A%2F%2Fwww.solmey.de%2Fleistungen%2F%23carports|title:Mehr%20erfahren||&#8221; back_background_image=&#8221;3199&#8243;][tm_spacer size=&#8221;lg:50&#8243;][\/vc_column][\/vc_row][vc_row disable_element=&#8221;yes&#8221; lg_spacing=&#8221;padding_bottom:15&#8243; gutter=&#8221;md:30;lg:50&#8243;][vc_column offset=&#8221;vc_col-md-4&#8243;][tm_rotate_box style=&#8221;2&#8243; direction=&#8221;right&#8221; front_button_color=&#8221;secondary&#8221; front_background_color=&#8221;secondary&#8221; back_background_overlay=&#8221;secondary&#8221; back_overlay_opacity=&#8221;74&#8243; height=&#8221;350&#8243; front_heading=&#8221;Stromtankstellen&#8221; front_button=&#8221;|||&#8221; front_background_image=&#8221;3358&#8243; back_text=&#8221;Ladestationen f\u00fcr die E-Mobilit\u00e4t f\u00fcr den privaten, kommerziellen und \u00f6ffentlichen Bereich.&#8221; back_button=&#8221;url:http%3A%2F%2Fwww.solmey.de%2Fleistungen%2F%23stromtankstellen|title:Mehr%20erfahren||&#8221; back_background_image=&#8221;3358&#8243;][tm_spacer size=&#8221;lg:50&#8243;][\/vc_column][vc_column offset=&#8221;vc_col-md-4&#8243;][tm_rotate_box style=&#8221;2&#8243; direction=&#8221;right&#8221; front_button_color=&#8221;secondary&#8221; front_background_color=&#8221;secondary&#8221; back_background_overlay=&#8221;secondary&#8221; back_overlay_opacity=&#8221;74&#8243; height=&#8221;350&#8243; front_heading=&#8221;Smart-Home-L\u00f6sungen&#8221; front_button=&#8221;|||&#8221; front_background_image=&#8221;3378&#8243; back_text=&#8221;Intelligente Funktionen f\u00fcr intelligentes Energiemanagement.&#8221; back_button=&#8221;url:http%3A%2F%2Fwww.solmey.de%2Fleistungen%2F%23smarthome|title:Mehr%20erfahren||&#8221; back_background_image=&#8221;3378&#8243;][tm_spacer size=&#8221;lg:50&#8243;][\/vc_column][vc_column offset=&#8221;vc_col-md-4&#8243;][tm_rotate_box style=&#8221;2&#8243; direction=&#8221;right&#8221; front_button_color=&#8221;secondary&#8221; front_background_color=&#8221;secondary&#8221; back_background_overlay=&#8221;secondary&#8221; back_overlay_opacity=&#8221;74&#8243; height=&#8221;350&#8243; front_heading=&#8221;Elektroinstallationen&#8221; front_button=&#8221;|||&#8221; front_background_image=&#8221;3366&#8243; back_text=&#8221;alle Arten von elektrischen Installationen und Anschl\u00fcssen.&#8221; back_button=&#8221;url:http%3A%2F%2Fwww.solmey.de%2Fleistungen%2F%23elektroinstallationen|title:Mehr%20erfahren||&#8221; back_background_image=&#8221;3366&#8243;][tm_spacer size=&#8221;lg:50&#8243;][\/vc_column][\/vc_row][vc_row][vc_column][tm_spacer size=&#8221;lg:50&#8243;][\/vc_column][\/vc_row][vc_row lg_spacing=&#8221;padding_top:30;padding_bottom:1&#8243;][vc_column offset=&#8221;vc_col-lg-4&#8243; lg_spacing=&#8221;margin_right:15;margin_left:15;padding_right:0;padding_left:0&#8243;][tm_box_icon style=&#8221;3&#8243; icon_type=&#8221;pe7stroke&#8221; icon_pe7stroke=&#8221;pe-7s-map-marker&#8221; icon_color=&#8221;primary&#8221; heading=&#8221;solmey GmbH&#8221; text=&#8221;Badstr. 12<br \/>\n71546 Aspach<br \/>\nGermany&#8221; icon_font_size=&#8221;lg:48&#8243; custom_css=&#8221;LnRtLWJveC1pY29uLnN0eWxlLTMlMjAuaWNvbiUyMCU3QmJvcmRlciUzQTAlM0IlN0QlMEEudG0tYm94LWljb24lMjAlN0JtYXJnaW4tYm90dG9tJTNBMCUzQiU3RCUwQS50bS1ib3gtaWNvbi5zdHlsZS0zJTIwLmhlYWRpbmclMjAlN0JtYXJnaW4tYm90dG9tJTNBMHB4JTNCJTdE&#8221;][\/vc_column][vc_column offset=&#8221;vc_col-lg-4&#8243;][tm_box_icon style=&#8221;3&#8243; icon_type=&#8221;pe7stroke&#8221; icon_pe7stroke=&#8221;pe-7s-call&#8221; icon_color=&#8221;primary&#8221; text=&#8221;Phone: +49 7191 933881 <br \/>E-Mail: <a href=``mailto:info@solmey.de``>info@solmey.de<\/a>&#8221; icon_font_size=&#8221;lg:44&#8243;][\/vc_column][vc_column offset=&#8221;vc_col-lg-4&#8243;][tm_box_icon style=&#8221;3&#8243; icon_type=&#8221;pe7stroke&#8221; icon_pe7stroke=&#8221;pe-7s-paperclip&#8221; icon_color=&#8221;primary&#8221; text=&#8221;<a href=``https:\/\/www.solmey.de\/en\/imprint\/``>Imprint<\/a><br \/>\n<a href=``https:\/\/www.solmey.de\/en\/privacypolicy\/``>Privacy Policy<\/a>&#8221; icon_font_size=&#8221;lg:48&#8243;][\/vc_column][\/vc_row]<\/p>\n","protected":false},"excerpt":{"rendered":"<p>[vc_row equal_height=&#8221;yes&#8221; el_id=&#8221;homeslider&#8221;][vc_column][\/vc_column][\/vc_row][vc_row full_width=&#8221;stretch_row&#8221; background_color=&#8221;custom&#8221; lg_spacing=&#8221;padding_top:70;padding_bottom:30&#8243; custom_background_color=&#8221;rgba(0,68,123,0.04)&#8221;][vc_column][tm_heading style=&#8221;with-separator-04&#8243; custom_google_font=&#8221;&#8221; text=&#8221;It\u2019s The Year 2039 &#8230;&#8221; custom_css=&#8221;LmVtYmVkLXJlc3BvbnNpdmUtMTZieTklMjAlN0JwYWRkaW5nLWJvdHRvbSUzQTAlN0Q=&#8221;][tm_spacer size=&#8221;lg:30&#8243;][vc_row_inner][vc_column_inner width=&#8221;1\/2&#8243;][vc_column_text css_animation=&#8221;fadeIn&#8221;]&#8230; The electricity tariff has just been increased to 0.55 \u20ac \/ kWh. While others are moaning and cursing, you sit in the sun relaxing and shrugging your shoulders. The reason for your serenity is that \u2013 back in the year 2019 \u2013 you had already been clever enough to anticipate this development. That\u2019s why you had decided to look after your own energy generation. An excellent decision! And everything had been so easy, since you had an experienced, reliable and competent partner by your side: The solmey GmbH. They gave you best advices and implemented your wishes and ideas in a professional manner and tailored to suit your needs:[\/vc_column_text][tm_spacer size=&#8221;lg:30&#8243;][tm_list list_style=&#8221;check&#8221; animation=&#8221;fade-in&#8221; columns=&#8221;xs:1;lg:1&#8243; items=&#8221;%5B%7B%22item_title%22%3A%22Solar%20energy%20system%20for%20power%20generation%22%2C%22link%22%3A%22%7C%7C%7C%22%7D%2C%7B%22item_title%22%3A%22Solar%20thermal%20system%20for%20hot%20solar%20showers%22%2C%22link%22%3A%22%7C%7C%7C%22%7D%2C%7B%22item_title%22%3A%22Energy-saving%20LED%20illumination%22%2C%22link%22%3A%22%7C%7C%7C%22%7D%5D&#8221;][tm_spacer size=&#8221;lg:30&#8243;][\/vc_column_inner][vc_column_inner width=&#8221;1\/2&#8243;][vc_column_text css_animation=&#8221;fadeIn&#8221;]For 20 years, you\u2019ve already been using the free and endless energy source of our earth. For 20 years, you\u2019ve been admired for the best and most effective investment of your life. For 20 years, you\u2019ve been contributing to climate protection. For 20 years, you\u2019ve been saving money every single day. And from today on, all others wish they had done the same as you![\/vc_column_text][tm_spacer size=&#8221;lg:30&#8243;][tm_heading tag=&#8221;h5&#8243; custom_google_font=&#8221;&#8221; text=&#8221;In this sense: To a sunny future!&#8221; custom_css=&#8221;LmVtYmVkLXJlc3BvbnNpdmUtMTZieTklMjAlN0JwYWRkaW5nLWJvdHRvbSUzQTAlN0Q=&#8221;][tm_spacer size=&#8221;lg:30&#8243;][vc_video link=&#8221;https:\/\/www.youtube.com\/watch?v=Vz_wAh0sjc0&#8243; css_animation=&#8221;none&#8221;][\/vc_column_inner][\/vc_row_inner][\/vc_column][\/vc_row][vc_row lg_spacing=&#8221;padding_top:30&#8243;][vc_column][tm_heading style=&#8221;with-separator-04&#8243; custom_google_font=&#8221;&#8221; text=&#8221;Our Services&#8221; custom_css=&#8221;LmVtYmVkLXJlc3BvbnNpdmUtMTZieTklMjAlN0JwYWRkaW5nLWJvdHRvbSUzQTAlN0Q=&#8221;][tm_spacer size=&#8221;lg:16&#8243;][\/vc_column][\/vc_row][vc_row lg_spacing=&#8221;padding_top:30&#8243; gutter=&#8221;md:30;lg:50&#8243;][vc_column offset=&#8221;vc_col-md-4&#8243;][tm_rotate_box style=&#8221;2&#8243; direction=&#8221;right&#8221; front_button_color=&#8221;secondary&#8221; front_background_color=&#8221;secondary&#8221; back_background_overlay=&#8221;secondary&#8221; back_overlay_opacity=&#8221;74&#8243; height=&#8221;350&#8243; front_heading=&#8221;Photovoltaic&#8221; front_button=&#8221;|||&#8221; back_text=&#8221;Photovoltaic is the direct conversion of light into energy.&#8221; back_button=&#8221;url:http%3A%2F%2Fwww.solmey.de%2Fen%2Fservices%2F%23photovoltaik|title:Read%20more||&#8221; front_background_image=&#8221;3370&#8243; back_background_image=&#8221;3370&#8243;][tm_spacer size=&#8221;lg:50&#8243;][\/vc_column][vc_column offset=&#8221;vc_col-md-4&#8243;][tm_rotate_box style=&#8221;2&#8243; direction=&#8221;right&#8221; front_button_color=&#8221;secondary&#8221; front_background_color=&#8221;secondary&#8221; back_background_overlay=&#8221;secondary&#8221; back_overlay_opacity=&#8221;74&#8243; height=&#8221;350&#8243; front_heading=&#8221;Solar Thermal Systems&#8221; front_button=&#8221;|||&#8221; front_background_image=&#8221;3376&#8243; back_text=&#8221;Your energy future without fossil fuels.&#8221; back_button=&#8221;url:http%3A%2F%2Fwww.solmey.de%2Fen%2Fservices%2F%23warmwasser|title:Read%20more||&#8221; back_background_image=&#8221;3376&#8243;][tm_spacer size=&#8221;lg:50&#8243;][\/vc_column][vc_column offset=&#8221;vc_col-md-4&#8243;][tm_rotate_box style=&#8221;2&#8243; direction=&#8221;right&#8221; front_button_color=&#8221;secondary&#8221; front_background_color=&#8221;secondary&#8221; back_background_overlay=&#8221;secondary&#8221; back_overlay_opacity=&#8221;74&#8243; height=&#8221;350&#8243; front_heading=&#8221;LED Lamps&#8221; front_button=&#8221;|||&#8221; back_text=&#8221;The light of the future allows you to save up to 90% of energy costs.&#8221; back_button=&#8221;url:http%3A%2F%2Fwww.solmey.de%2Fen%2Fservices%2F%23led|title:Read%20more||&#8221; front_background_image=&#8221;3363&#8243; back_background_image=&#8221;3363&#8243;][tm_spacer size=&#8221;lg:50&#8243;][\/vc_column][\/vc_row][vc_row disable_element=&#8221;yes&#8221; gutter=&#8221;md:30;lg:50&#8243;][vc_column offset=&#8221;vc_col-md-4&#8243;][tm_rotate_box style=&#8221;2&#8243; direction=&#8221;right&#8221; front_button_color=&#8221;secondary&#8221; front_background_color=&#8221;secondary&#8221; back_background_overlay=&#8221;secondary&#8221; back_overlay_opacity=&#8221;74&#8243; height=&#8221;350&#8243; front_heading=&#8221;Elektrische Design-Stromheizungen&#8221; front_button=&#8221;|||&#8221; front_background_image=&#8221;3374&#8243; back_text=&#8221;Die g\u00fcnstige, wartungsfreie Alternative zu herk\u00f6mmlichen Heizsystemen.&#8221; back_button=&#8221;url:http%3A%2F%2Fwww.solmey.de%2Fleistungen%2F%23stromheizungen|title:Mehr%20erfahren||&#8221; back_background_image=&#8221;3374&#8243;][tm_spacer size=&#8221;lg:50&#8243;][\/vc_column][vc_column offset=&#8221;vc_col-md-4&#8243;][tm_rotate_box style=&#8221;2&#8243; direction=&#8221;right&#8221; front_button_color=&#8221;secondary&#8221; front_background_color=&#8221;secondary&#8221; back_background_overlay=&#8221;secondary&#8221; back_overlay_opacity=&#8221;74&#8243; height=&#8221;350&#8243; front_heading=&#8221;Stromspeichersysteme&#8221; front_button=&#8221;|||&#8221; front_background_image=&#8221;3372&#8243; back_text=&#8221;Die Sonne geht auf \u2013 auch am Abend.&#8221; back_button=&#8221;url:http%3A%2F%2Fwww.solmey.de%2Fleistungen%2F%23speichersysteme|title:Mehr%20erfahren||&#8221; back_background_image=&#8221;3372&#8243;][tm_spacer size=&#8221;lg:50&#8243;][\/vc_column][vc_column offset=&#8221;vc_col-md-4&#8243;][tm_rotate_box style=&#8221;2&#8243; direction=&#8221;right&#8221; front_button_color=&#8221;secondary&#8221; front_background_color=&#8221;secondary&#8221; back_background_overlay=&#8221;secondary&#8221; back_overlay_opacity=&#8221;74&#8243; height=&#8221;350&#8243; front_heading=&#8221;Carports- und Veranda-L\u00f6sungen&#8221; front_button=&#8221;|||&#8221; front_background_image=&#8221;3199&#8243; back_text=&#8221;Schick und individuell mit semitransparenten PV-Glas-Modulen sind es die einzigen \u00dcberdachungen.&#8221; back_button=&#8221;url:http%3A%2F%2Fwww.solmey.de%2Fleistungen%2F%23carports|title:Mehr%20erfahren||&#8221; back_background_image=&#8221;3199&#8243;][tm_spacer size=&#8221;lg:50&#8243;][\/vc_column][\/vc_row][vc_row disable_element=&#8221;yes&#8221; lg_spacing=&#8221;padding_bottom:15&#8243; gutter=&#8221;md:30;lg:50&#8243;][vc_column offset=&#8221;vc_col-md-4&#8243;][tm_rotate_box style=&#8221;2&#8243; direction=&#8221;right&#8221; front_button_color=&#8221;secondary&#8221; front_background_color=&#8221;secondary&#8221; back_background_overlay=&#8221;secondary&#8221; back_overlay_opacity=&#8221;74&#8243; height=&#8221;350&#8243; front_heading=&#8221;Stromtankstellen&#8221; front_button=&#8221;|||&#8221; front_background_image=&#8221;3358&#8243; back_text=&#8221;Ladestationen f\u00fcr die E-Mobilit\u00e4t f\u00fcr den privaten, kommerziellen und \u00f6ffentlichen Bereich.&#8221; back_button=&#8221;url:http%3A%2F%2Fwww.solmey.de%2Fleistungen%2F%23stromtankstellen|title:Mehr%20erfahren||&#8221; back_background_image=&#8221;3358&#8243;][tm_spacer size=&#8221;lg:50&#8243;][\/vc_column][vc_column offset=&#8221;vc_col-md-4&#8243;][tm_rotate_box style=&#8221;2&#8243; direction=&#8221;right&#8221; front_button_color=&#8221;secondary&#8221; front_background_color=&#8221;secondary&#8221; back_background_overlay=&#8221;secondary&#8221; back_overlay_opacity=&#8221;74&#8243; height=&#8221;350&#8243; front_heading=&#8221;Smart-Home-L\u00f6sungen&#8221; front_button=&#8221;|||&#8221; front_background_image=&#8221;3378&#8243; back_text=&#8221;Intelligente Funktionen f\u00fcr intelligentes Energiemanagement.&#8221; back_button=&#8221;url:http%3A%2F%2Fwww.solmey.de%2Fleistungen%2F%23smarthome|title:Mehr%20erfahren||&#8221; back_background_image=&#8221;3378&#8243;][tm_spacer size=&#8221;lg:50&#8243;][\/vc_column][vc_column offset=&#8221;vc_col-md-4&#8243;][tm_rotate_box style=&#8221;2&#8243; direction=&#8221;right&#8221; front_button_color=&#8221;secondary&#8221; front_background_color=&#8221;secondary&#8221; back_background_overlay=&#8221;secondary&#8221; back_overlay_opacity=&#8221;74&#8243; height=&#8221;350&#8243; front_heading=&#8221;Elektroinstallationen&#8221; front_button=&#8221;|||&#8221; front_background_image=&#8221;3366&#8243; back_text=&#8221;alle Arten von elektrischen Installationen und Anschl\u00fcssen.&#8221; back_button=&#8221;url:http%3A%2F%2Fwww.solmey.de%2Fleistungen%2F%23elektroinstallationen|title:Mehr%20erfahren||&#8221; back_background_image=&#8221;3366&#8243;][tm_spacer size=&#8221;lg:50&#8243;][\/vc_column][\/vc_row][vc_row][vc_column][tm_spacer size=&#8221;lg:50&#8243;][\/vc_column][\/vc_row][vc_row lg_spacing=&#8221;padding_top:30;padding_bottom:1&#8243;][vc_column offset=&#8221;vc_col-lg-4&#8243; lg_spacing=&#8221;margin_right:15;margin_left:15;padding_right:0;padding_left:0&#8243;][tm_box_icon style=&#8221;3&#8243; icon_type=&#8221;pe7stroke&#8221; icon_pe7stroke=&#8221;pe-7s-map-marker&#8221; icon_color=&#8221;primary&#8221; heading=&#8221;solmey GmbH&#8221; text=&#8221;Badstr. 12 71546 Aspach Germany&#8221; icon_font_size=&#8221;lg:48&#8243; custom_css=&#8221;LnRtLWJveC1pY29uLnN0eWxlLTMlMjAuaWNvbiUyMCU3QmJvcmRlciUzQTAlM0IlN0QlMEEudG0tYm94LWljb24lMjAlN0JtYXJnaW4tYm90dG9tJTNBMCUzQiU3RCUwQS50bS1ib3gtaWNvbi5zdHlsZS0zJTIwLmhlYWRpbmclMjAlN0JtYXJnaW4tYm90dG9tJTNBMHB4JTNCJTdE&#8221;][\/vc_column][vc_column offset=&#8221;vc_col-lg-4&#8243;][tm_box_icon style=&#8221;3&#8243; icon_type=&#8221;pe7stroke&#8221; icon_pe7stroke=&#8221;pe-7s-call&#8221; icon_color=&#8221;primary&#8221; text=&#8221;Phone: +49 7191 933881 E-Mail: info@solmey.de&#8221; icon_font_size=&#8221;lg:44&#8243;][\/vc_column][vc_column offset=&#8221;vc_col-lg-4&#8243;][tm_box_icon style=&#8221;3&#8243; icon_type=&#8221;pe7stroke&#8221; icon_pe7stroke=&#8221;pe-7s-paperclip&#8221; icon_color=&#8221;primary&#8221; text=&#8221;Imprint Privacy Policy&#8221; icon_font_size=&#8221;lg:48&#8243;][\/vc_column][\/vc_row]<\/p>\n","protected":false},"author":2,"featured_media":0,"parent":0,"menu_order":0,"comment_status":"closed","ping_status":"closed","template":"","meta":{"footnotes":""},"class_list":["post-3619","page","type-page","status-publish","hentry"],"_links":{"self":[{"href":"https:\/\/www.solmey.de\/en\/wp-json\/wp\/v2\/pages\/3619","targetHints":{"allow":["GET"]}}],"collection":[{"href":"https:\/\/www.solmey.de\/en\/wp-json\/wp\/v2\/pages"}],"about":[{"href":"https:\/\/www.solmey.de\/en\/wp-json\/wp\/v2\/types\/page"}],"author":[{"embeddable":true,"href":"https:\/\/www.solmey.de\/en\/wp-json\/wp\/v2\/users\/2"}],"replies":[{"embeddable":true,"href":"https:\/\/www.solmey.de\/en\/wp-json\/wp\/v2\/comments?post=3619"}],"version-history":[{"count":0,"href":"https:\/\/www.solmey.de\/en\/wp-json\/wp\/v2\/pages\/3619\/revisions"}],"wp:attachment":[{"href":"https:\/\/www.solmey.de\/en\/wp-json\/wp\/v2\/media?parent=3619"}],"curies":[{"name":"wp","href":"https:\/\/api.w.org\/{rel}","templated":true}]}}